{"id":104351,"date":"2025-02-20T18:41:17","date_gmt":"2025-02-20T17:41:17","guid":{"rendered":"https:\/\/konstelacije.hr\/?page_id=104351"},"modified":"2025-02-20T18:56:10","modified_gmt":"2025-02-20T17:56:10","slug":"eticki-kodeks","status":"publish","type":"page","link":"https:\/\/konstelacije.hr\/en\/eticki-kodeks\/","title":{"rendered":"Eti\u010dki kodeks"},"content":{"rendered":"<div class=\"wpb-content-wrapper\"><section data-vc-full-width=\"true\" data-vc-full-width-init=\"false\" data-vc-parallax-image=\"0.5\" class=\"vc_row wpb_row vc_row-fluid     vc_row-has-fill hongo-stretch-content hongo-stretch-row-container parallax\"><div class=\"wpb_column vc_column_container vc_col-sm-12 vc_col-md-offset-1 vc_col-md-10 vc_col-xs-12 wow fadeIn\"><div class=\"vc_column-inner vc_custom_1563800379280  hongo_responsive_1563800379288\"><div class=\"wpb_wrapper\"><div class=\"alt-font heading-style-3 vc_custom_1740073135014  hongo_responsive_1740073135015 heading-1 hongo-section-heading hongo_font_1740073135013\">Eti\u010dki kodeks<\/div><div class=\"text-block-content hongo-text-block-1 last-paragraph-no-margin\"><ol>\n<li><span style=\"font-weight: 400;\">Posve\u0107eni smo slu\u017eenju polju i stvaranju prostora za razumijevanje temeljnih i nevidljivih zapetljaja unutar du\u0161e osobe i s njom povezanih sistema.<\/span><\/li>\n<li><span style=\"font-weight: 400;\">Svaka osoba dobit \u0107e jednaku pa\u017enju i vi\u0111enost od strane konstelatora.<\/span><\/li>\n<li><span style=\"font-weight: 400;\">Djelovat \u0107emo u skladu sa sistemskim na\u010delima pripadnosti, reda i razmjene, temeljenih na izvornom u\u010denju Berta Hellingera i Sophie Hellinger, te drugih velikana sistemskog rada, poput Jan Jacob Stama i Stephana Hausnera.<\/span><\/li>\n<li><span style=\"font-weight: 400;\">Obvezujemo se da u slu\u010daju nemogu\u0107nosti rada zbog osobnih, obiteljskih, poslovnih ili drugih zapetljaja, bolesti, te\u0161kih \u017eivotnih doga\u0111aja, ne\u0107emo obavljati funkciju voditelja sistemskih konstelacija, ili \u0107emo obavijestiti klijenta o slabijoj pa\u017enji i dopustiti mu odluku o izboru postavljanja rada s obzirom na rizik.<\/span><\/li>\n<li><span style=\"font-weight: 400;\">Obvezujemo se da \u0107emo dobro razumijeti vlastita ograni\u010denja i izbjegavati raditi kompleksne teme u kojima nemamo iskustva ili dobru podr\u0161ku stru\u010dnjaka u tom polju te intenzivnu pripremu (npr. umjetna oplodnja, mikrobiologija, kompleksni investicijski modeli, kompleksna povijest odre\u0111enog naroda, i sli\u010dne nekonvencijalne teme). O ograni\u010denjima \u0107emo obavijestiti klijenta.<\/span><\/li>\n<li><span style=\"font-weight: 400;\">Shva\u0107amo da se smatramo stru\u010dnjacima. Ne\u0107emo koristiti ovu poziciju za dobivanje <\/span><span style=\"font-weight: 400;\">nerazumne i nepo\u0161tene prednosit, u obliku materijalnih, financijskih ili drugih usluga\u00a0 od <\/span><span style=\"font-weight: 400;\">na\u0161ih klijenata, u\u010denika ili drugih suradnika.<\/span><\/li>\n<li><span style=\"font-weight: 400;\">U slu\u010daju da pitanje klijenta nije prihvatljivo za nas, preuzet \u0107emo odgovornost\u00a0 i uputiti klijenta drugom konstelatoru, edukatoru ili drugom profesionalcu.<\/span><\/li>\n<li><span style=\"font-weight: 400;\">Dat \u0107emo sve od sebe da poslujemo na istinit i po\u0161ten na\u010din, uvijek poku\u0161avaju\u0107i stvoriti\u00a0<\/span><span style=\"font-weight: 400;\">situaciju u kojoj je za obje strane davanje i uzimanje u ravnote\u017ei.<\/span><\/li>\n<li><span style=\"font-weight: 400;\">Predstavit \u0107emo se na po\u0161ten, otvoren na\u010din i ne\u0107emo ni\u0161ta tvrditi o sebi \u0161to nije istina.<\/span><\/li>\n<li><span style=\"font-weight: 400;\">Ne\u0107emo uzimati tu\u0111i rad pod svoje i uvijek navodimo izvor kada citiramo tu\u0111i rad. Ne\u0107emo pustiti na vlastite kanale nikakvo djelo za\u0161ti\u0107eno autorskim pravima. Uglavnom sva djela koja citiramo i o kojima pi\u0161emo su djela Berta Hellingera, Sophie Hellinger i Jan Jacob Stama.<\/span><\/li>\n<li><span style=\"font-weight: 400;\">Osigurat \u0107emo transparentne financijske informacije o cijenama i rje\u0161avat \u0107emo sva financijska pitanja \u0161to je mogu\u0107e eti\u010dnije.<\/span><\/li>\n<li><span style=\"font-weight: 400;\">Osigurat \u0107emo povjerljivost osobnih podataka na\u0161ih kupaca, studenata ili klijenata, osim ako smo zakonski obvezni otkriti te podatke ili nam je to bilo dano pismeno dopu\u0161tenje za to.<\/span><\/li>\n<li><span style=\"font-weight: 400;\">Iskreno \u0107emo dati uvid iz polja, a u slu\u010daju manje \u201cpozitivnih\u201d uvida, dostaviti ih bez straha po uzoru na rad Berta i Sophie Hellinger. Ne\u0107emo govoriti lo\u0161e o drugim konstelatorima, edukatorima, terapeutima, kolegama, kupcima, studentima ili klijentima.<\/span><\/li>\n<li><span style=\"font-weight: 400;\">Stalno se profesionalno razvijamo u svojoj struci. Koristimo mogu\u0107nosti napredovanja kroz supervizije, radionice, seminare i treninge.<\/span><\/li>\n<li><span style=\"font-weight: 400;\">Ne\u0107emo izdavati potvrde polaznicima edukacije koji na nehuman na\u010din postupaju s u\u010denjem Berta Hellingera. Uvijek \u0107emo djelovati u skladu s na\u0161im mogu\u0107nostima da certificiramo te studente u kasnijoj fazi u budu\u0107nosti. Kada smo u nedoumici oko situacije ili mogu\u0107e kontradiktornosti pravila, uvijek postupamo u interesu na\u0161eg klijenta.<\/span><\/li>\n<\/ol>\n<\/div><div class=\"text-block-content hongo-text-block-2 last-paragraph-no-margin\"><p><em><span class=\"C9DxTc\">&#8212; Eti\u010dki kodeks je pisan po uzoru na rad Berta Hellingera, Sophie Hellinger i Jan Jacob Stama.<\/span><\/em><\/p>\n<\/div><\/div><\/div><\/div><\/section><div class=\"vc_row-full-width vc_clearfix\"><\/div>\n<\/div>","protected":false},"excerpt":{"rendered":"Eti\u010dki kodeks Posve\u0107eni smo slu\u017eenju polju i stvaranju prostora za razumijevanje temeljnih i nevidljivih zapetljaja unutar du\u0161e osobe i s njom povezanih sistema. Svaka osoba dobit \u0107e jednaku pa\u017enju i vi\u0111enost od strane konstelatora. Djelovat \u0107emo u skladu sa sistemskim na\u010delima pripadnosti, reda i razmjene, temeljenih na izvornom u\u010denju Berta Hellingera i Sophie Hellinger, te drugih velikana sistemskog rada, poput Jan Jacob Stama i Stephana Hausnera. Obvezujemo se da u slu\u010daju nemogu\u0107nosti rada zbog osobnih, obiteljskih, poslovnih ili drugih zapetljaja, bolesti, te\u0161kih \u017eivotnih doga\u0111aja, ne\u0107emo obavljati funkciju voditelja sistemskih konstelacija, ili \u0107emo obavijestiti klijenta o slabijoj pa\u017enji i dopustiti mu odluku o izboru postavljanja rada s obzirom na rizik. Obvezujemo se da \u0107emo dobro razumijeti vlastita ograni\u010denja i izbjegavati raditi kompleksne teme u kojima nemamo iskustva ili dobru podr\u0161ku stru\u010dnjaka u tom polju te intenzivnu pripremu (npr. umjetna oplodnja, mikrobiologija, kompleksni investicijski modeli, kompleksna povijest odre\u0111enog naroda, i sli\u010dne nekonvencijalne teme). O ograni\u010denjima \u0107emo obavijestiti klijenta. Shva\u0107amo da se smatramo stru\u010dnjacima. Ne\u0107emo koristiti ovu poziciju za dobivanje nerazumne i nepo\u0161tene prednosit, u obliku materijalnih, financijskih ili drugih usluga\u00a0 od na\u0161ih klijenata, u\u010denika ili drugih suradnika. U slu\u010daju da pitanje klijenta nije prihvatljivo za nas, preuzet \u0107emo odgovornost\u00a0 i uputiti klijenta...","protected":false},"author":244724598,"featured_media":0,"parent":0,"menu_order":0,"comment_status":"closed","ping_status":"closed","template":"","meta":{"_crdt_document":"","_EventAllDay":false,"_EventTimezone":"","_EventStartDate":"","_EventEndDate":"","_EventStartDateUTC":"","_EventEndDateUTC":"","_EventShowMap":false,"_EventShowMapLink":false,"_EventURL":"","_EventCost":"","_EventCostDescription":"","_EventCurrencySymbol":"","_EventCurrencyCode":"","_EventCurrencyPosition":"","_EventDateTimeSeparator":"","_EventTimeRangeSeparator":"","_EventOrganizerID":[],"_EventVenueID":[],"_OrganizerEmail":"","_OrganizerPhone":"","_OrganizerWebsite":"","_VenueAddress":"","_VenueCity":"","_VenueCountry":"","_VenueProvince":"","_VenueState":"","_VenueZip":"","_VenuePhone":"","_VenueURL":"","_VenueStateProvince":"","_VenueLat":"","_VenueLng":"","_VenueShowMap":false,"_VenueShowMapLink":false,"footnotes":""},"class_list":["post-104351","page","type-page","status-publish","hentry"],"yoast_head":"<!-- This site is optimized with the Yoast SEO Premium plugin v25.0 (Yoast SEO v27.4) - https:\/\/yoast.com\/product\/yoast-seo-premium-wordpress\/ -->\n<title>Eti\u010dki kodeks - konstelacije.hr<\/title>\n<meta name=\"robots\" content=\"index, follow, max-snippet:-1, max-image-preview:large, max-video-preview:-1\" \/>\n<link rel=\"canonical\" href=\"https:\/\/konstelacije.hr\/en\/eticki-kodeks\/\" \/>\n<meta property=\"og:locale\" content=\"en_US\" \/>\n<meta property=\"og:type\" content=\"article\" \/>\n<meta property=\"og:title\" content=\"Eti\u010dki kodeks\" \/>\n<meta property=\"og:url\" content=\"https:\/\/konstelacije.hr\/en\/eticki-kodeks\/\" \/>\n<meta property=\"og:site_name\" content=\"konstelacije.hr\" \/>\n<meta property=\"article:publisher\" content=\"https:\/\/www.facebook.com\/ivanaoreskikonstelator\" \/>\n<meta property=\"article:modified_time\" content=\"2025-02-20T17:56:10+00:00\" \/>\n<meta property=\"og:image\" content=\"https:\/\/i0.wp.com\/konstelacije.hr\/wp-content\/uploads\/2024\/01\/pNpgSmAq_jKMr_1024.webp?fit=1024%2C585&ssl=1\" \/>\n\t<meta property=\"og:image:width\" content=\"1024\" \/>\n\t<meta property=\"og:image:height\" content=\"585\" \/>\n\t<meta property=\"og:image:type\" content=\"image\/webp\" \/>\n<meta name=\"twitter:card\" content=\"summary_large_image\" \/>\n<meta name=\"twitter:label1\" content=\"Est. reading time\" \/>\n\t<meta name=\"twitter:data1\" content=\"3 minutes\" \/>\n<script type=\"application\/ld+json\" class=\"yoast-schema-graph\">{\"@context\":\"https:\\\/\\\/schema.org\",\"@graph\":[{\"@type\":\"Article\",\"@id\":\"https:\\\/\\\/konstelacije.hr\\\/eticki-kodeks\\\/#article\",\"isPartOf\":{\"@id\":\"https:\\\/\\\/konstelacije.hr\\\/eticki-kodeks\\\/\"},\"author\":{\"name\":\"Ivana Ore\u0161ki\",\"@id\":\"https:\\\/\\\/konstelacije.hr\\\/#\\\/schema\\\/person\\\/8e12b2a3d23c1ca80f1d65bad07e92a4\"},\"headline\":\"Eti\u010dki kodeks\",\"datePublished\":\"2025-02-20T17:41:17+00:00\",\"dateModified\":\"2025-02-20T17:56:10+00:00\",\"mainEntityOfPage\":{\"@id\":\"https:\\\/\\\/konstelacije.hr\\\/eticki-kodeks\\\/\"},\"wordCount\":617,\"publisher\":{\"@id\":\"https:\\\/\\\/konstelacije.hr\\\/#organization\"},\"inLanguage\":\"en-US\"},{\"@type\":\"WebPage\",\"@id\":\"https:\\\/\\\/konstelacije.hr\\\/eticki-kodeks\\\/\",\"url\":\"https:\\\/\\\/konstelacije.hr\\\/eticki-kodeks\\\/\",\"name\":\"Eti\u010dki kodeks - konstelacije.hr\",\"isPartOf\":{\"@id\":\"https:\\\/\\\/konstelacije.hr\\\/#website\"},\"datePublished\":\"2025-02-20T17:41:17+00:00\",\"dateModified\":\"2025-02-20T17:56:10+00:00\",\"breadcrumb\":{\"@id\":\"https:\\\/\\\/konstelacije.hr\\\/eticki-kodeks\\\/#breadcrumb\"},\"inLanguage\":\"en-US\",\"potentialAction\":[{\"@type\":\"ReadAction\",\"target\":[\"https:\\\/\\\/konstelacije.hr\\\/eticki-kodeks\\\/\"]}]},{\"@type\":\"BreadcrumbList\",\"@id\":\"https:\\\/\\\/konstelacije.hr\\\/eticki-kodeks\\\/#breadcrumb\",\"itemListElement\":[{\"@type\":\"ListItem\",\"position\":1,\"name\":\"Po\u010detna stranica\",\"item\":\"https:\\\/\\\/konstelacije.hr\\\/\"},{\"@type\":\"ListItem\",\"position\":2,\"name\":\"Eti\u010dki kodeks\"}]},{\"@type\":\"WebSite\",\"@id\":\"https:\\\/\\\/konstelacije.hr\\\/#website\",\"url\":\"https:\\\/\\\/konstelacije.hr\\\/\",\"name\":\"konstelacije.hr\",\"description\":\"Znanost sistemskih konstelacija prema Bertu Hellingeru.\",\"publisher\":{\"@id\":\"https:\\\/\\\/konstelacije.hr\\\/#organization\"},\"alternateName\":\"www.konstelacije.hr\",\"potentialAction\":[{\"@type\":\"SearchAction\",\"target\":{\"@type\":\"EntryPoint\",\"urlTemplate\":\"https:\\\/\\\/konstelacije.hr\\\/?s={search_term_string}\"},\"query-input\":{\"@type\":\"PropertyValueSpecification\",\"valueRequired\":true,\"valueName\":\"search_term_string\"}}],\"inLanguage\":\"en-US\"},{\"@type\":\"Organization\",\"@id\":\"https:\\\/\\\/konstelacije.hr\\\/#organization\",\"name\":\"Znanost sistemskog rada, vl. Ivana Ore\u0161ki\",\"alternateName\":\"Znanost sistemskog rada\",\"url\":\"https:\\\/\\\/konstelacije.hr\\\/\",\"logo\":{\"@type\":\"ImageObject\",\"inLanguage\":\"en-US\",\"@id\":\"https:\\\/\\\/konstelacije.hr\\\/#\\\/schema\\\/logo\\\/image\\\/\",\"url\":\"https:\\\/\\\/konstelacije.hr\\\/wp-content\\\/uploads\\\/2024\\\/01\\\/konstelacije.hr-1.png\",\"contentUrl\":\"https:\\\/\\\/konstelacije.hr\\\/wp-content\\\/uploads\\\/2024\\\/01\\\/konstelacije.hr-1.png\",\"width\":120,\"height\":40,\"caption\":\"Znanost sistemskog rada, vl. Ivana Ore\u0161ki\"},\"image\":{\"@id\":\"https:\\\/\\\/konstelacije.hr\\\/#\\\/schema\\\/logo\\\/image\\\/\"},\"sameAs\":[\"https:\\\/\\\/www.facebook.com\\\/ivanaoreskikonstelator\"]},{\"@type\":\"Person\",\"@id\":\"https:\\\/\\\/konstelacije.hr\\\/#\\\/schema\\\/person\\\/8e12b2a3d23c1ca80f1d65bad07e92a4\",\"name\":\"Ivana Ore\u0161ki\",\"image\":{\"@type\":\"ImageObject\",\"inLanguage\":\"en-US\",\"@id\":\"https:\\\/\\\/secure.gravatar.com\\\/avatar\\\/78d0ce083d1045a1ec432e1732662d736c0b92e3f0ae7acbd34f592471d50b98?s=96&d=identicon&r=g\",\"url\":\"https:\\\/\\\/secure.gravatar.com\\\/avatar\\\/78d0ce083d1045a1ec432e1732662d736c0b92e3f0ae7acbd34f592471d50b98?s=96&d=identicon&r=g\",\"contentUrl\":\"https:\\\/\\\/secure.gravatar.com\\\/avatar\\\/78d0ce083d1045a1ec432e1732662d736c0b92e3f0ae7acbd34f592471d50b98?s=96&d=identicon&r=g\",\"caption\":\"Ivana Ore\u0161ki\"},\"sameAs\":[\"https:\\\/\\\/konstelacije.hr\"],\"url\":\"https:\\\/\\\/konstelacije.hr\\\/en\\\/author\\\/uredkonstelacije\\\/\"}]}<\/script>\n<!-- \/ Yoast SEO Premium plugin. -->","yoast_head_json":{"title":"Eti\u010dki kodeks - konstelacije.hr","robots":{"index":"index","follow":"follow","max-snippet":"max-snippet:-1","max-image-preview":"max-image-preview:large","max-video-preview":"max-video-preview:-1"},"canonical":"https:\/\/konstelacije.hr\/en\/eticki-kodeks\/","og_locale":"en_US","og_type":"article","og_title":"Eti\u010dki kodeks","og_url":"https:\/\/konstelacije.hr\/en\/eticki-kodeks\/","og_site_name":"konstelacije.hr","article_publisher":"https:\/\/www.facebook.com\/ivanaoreskikonstelator","article_modified_time":"2025-02-20T17:56:10+00:00","og_image":[{"width":1024,"height":585,"url":"https:\/\/i0.wp.com\/konstelacije.hr\/wp-content\/uploads\/2024\/01\/pNpgSmAq_jKMr_1024.webp?fit=1024%2C585&ssl=1","type":"image\/webp"}],"twitter_card":"summary_large_image","twitter_misc":{"Est. reading time":"3 minutes"},"schema":{"@context":"https:\/\/schema.org","@graph":[{"@type":"Article","@id":"https:\/\/konstelacije.hr\/eticki-kodeks\/#article","isPartOf":{"@id":"https:\/\/konstelacije.hr\/eticki-kodeks\/"},"author":{"name":"Ivana Ore\u0161ki","@id":"https:\/\/konstelacije.hr\/#\/schema\/person\/8e12b2a3d23c1ca80f1d65bad07e92a4"},"headline":"Eti\u010dki kodeks","datePublished":"2025-02-20T17:41:17+00:00","dateModified":"2025-02-20T17:56:10+00:00","mainEntityOfPage":{"@id":"https:\/\/konstelacije.hr\/eticki-kodeks\/"},"wordCount":617,"publisher":{"@id":"https:\/\/konstelacije.hr\/#organization"},"inLanguage":"en-US"},{"@type":"WebPage","@id":"https:\/\/konstelacije.hr\/eticki-kodeks\/","url":"https:\/\/konstelacije.hr\/eticki-kodeks\/","name":"Eti\u010dki kodeks - konstelacije.hr","isPartOf":{"@id":"https:\/\/konstelacije.hr\/#website"},"datePublished":"2025-02-20T17:41:17+00:00","dateModified":"2025-02-20T17:56:10+00:00","breadcrumb":{"@id":"https:\/\/konstelacije.hr\/eticki-kodeks\/#breadcrumb"},"inLanguage":"en-US","potentialAction":[{"@type":"ReadAction","target":["https:\/\/konstelacije.hr\/eticki-kodeks\/"]}]},{"@type":"BreadcrumbList","@id":"https:\/\/konstelacije.hr\/eticki-kodeks\/#breadcrumb","itemListElement":[{"@type":"ListItem","position":1,"name":"Po\u010detna stranica","item":"https:\/\/konstelacije.hr\/"},{"@type":"ListItem","position":2,"name":"Eti\u010dki kodeks"}]},{"@type":"WebSite","@id":"https:\/\/konstelacije.hr\/#website","url":"https:\/\/konstelacije.hr\/","name":"konstelacije.hr","description":"Znanost sistemskih konstelacija prema Bertu Hellingeru.","publisher":{"@id":"https:\/\/konstelacije.hr\/#organization"},"alternateName":"www.konstelacije.hr","potentialAction":[{"@type":"SearchAction","target":{"@type":"EntryPoint","urlTemplate":"https:\/\/konstelacije.hr\/?s={search_term_string}"},"query-input":{"@type":"PropertyValueSpecification","valueRequired":true,"valueName":"search_term_string"}}],"inLanguage":"en-US"},{"@type":"Organization","@id":"https:\/\/konstelacije.hr\/#organization","name":"Stellar.icu","alternateName":"Znanost sistemskog rada","url":"https:\/\/konstelacije.hr\/","logo":{"@type":"ImageObject","inLanguage":"en-US","@id":"https:\/\/konstelacije.hr\/#\/schema\/logo\/image\/","url":"https:\/\/konstelacije.hr\/wp-content\/uploads\/2024\/01\/konstelacije.hr-1.png","contentUrl":"https:\/\/konstelacije.hr\/wp-content\/uploads\/2024\/01\/konstelacije.hr-1.png","width":120,"height":40,"caption":"Znanost sistemskog rada, vl. Ivana Ore\u0161ki"},"image":{"@id":"https:\/\/konstelacije.hr\/#\/schema\/logo\/image\/"},"sameAs":["https:\/\/www.facebook.com\/ivanaoreskikonstelator"]},{"@type":"Person","@id":"https:\/\/konstelacije.hr\/#\/schema\/person\/8e12b2a3d23c1ca80f1d65bad07e92a4","name":"Ivana Ore\u0161ki","image":{"@type":"ImageObject","inLanguage":"en-US","@id":"https:\/\/secure.gravatar.com\/avatar\/78d0ce083d1045a1ec432e1732662d736c0b92e3f0ae7acbd34f592471d50b98?s=96&d=identicon&r=g","url":"https:\/\/secure.gravatar.com\/avatar\/78d0ce083d1045a1ec432e1732662d736c0b92e3f0ae7acbd34f592471d50b98?s=96&d=identicon&r=g","contentUrl":"https:\/\/secure.gravatar.com\/avatar\/78d0ce083d1045a1ec432e1732662d736c0b92e3f0ae7acbd34f592471d50b98?s=96&d=identicon&r=g","caption":"Ivana Ore\u0161ki"},"sameAs":["https:\/\/konstelacije.hr"],"url":"https:\/\/konstelacije.hr\/en\/author\/uredkonstelacije\/"}]}},"jetpack_sharing_enabled":true,"jetpack_likes_enabled":true,"jetpack_shortlink":"https:\/\/wp.me\/Pfpn5q-r95","_links":{"self":[{"href":"https:\/\/konstelacije.hr\/en\/wp-json\/wp\/v2\/pages\/104351","targetHints":{"allow":["GET"]}}],"collection":[{"href":"https:\/\/konstelacije.hr\/en\/wp-json\/wp\/v2\/pages"}],"about":[{"href":"https:\/\/konstelacije.hr\/en\/wp-json\/wp\/v2\/types\/page"}],"author":[{"embeddable":true,"href":"https:\/\/konstelacije.hr\/en\/wp-json\/wp\/v2\/users\/244724598"}],"replies":[{"embeddable":true,"href":"https:\/\/konstelacije.hr\/en\/wp-json\/wp\/v2\/comments?post=104351"}],"version-history":[{"count":6,"href":"https:\/\/konstelacije.hr\/en\/wp-json\/wp\/v2\/pages\/104351\/revisions"}],"predecessor-version":[{"id":104359,"href":"https:\/\/konstelacije.hr\/en\/wp-json\/wp\/v2\/pages\/104351\/revisions\/104359"}],"wp:attachment":[{"href":"https:\/\/konstelacije.hr\/en\/wp-json\/wp\/v2\/media?parent=104351"}],"curies":[{"name":"wp","href":"https:\/\/api.w.org\/{rel}","templated":true}]}}