{"id":4996,"date":"2024-01-07T12:34:05","date_gmt":"2024-01-07T11:34:05","guid":{"rendered":"https:\/\/hongo.themezaa.com\/?page_id=4996"},"modified":"2025-03-20T19:29:31","modified_gmt":"2025-03-20T18:29:31","slug":"kalendar-dogadanja","status":"publish","type":"page","link":"https:\/\/konstelacije.hr\/en\/kalendar-dogadanja\/","title":{"rendered":"Kalendar doga\u0111anja"},"content":{"rendered":"<div class=\"wpb-content-wrapper\"><section class=\"vc_row wpb_row vc_row-fluid\"><div class=\"wpb_column vc_column_container col-xs-mobile-fullwidth vc_col-sm-12\"><div class=\"vc_column-inner\"><div class=\"wpb_wrapper\">\n\t<div class=\"wpb_raw_code wpb_content_element wpb_raw_html\" >\n\t\t<div class=\"wpb_wrapper\">\n\t\t\t<script src=\"https:\/\/static.elfsight.com\/platform\/platform.js\" async><\/script>\n<div class=\"elfsight-app-3735915e-27fc-4071-b41b-98ee3a0bc090\" data-elfsight-app-lazy><\/div>\n\t\t<\/div>\n\t<\/div>\n<\/div><\/div><\/div><\/section><section data-vc-full-width=\"true\" data-vc-full-width-init=\"false\" data-vc-stretch-content=\"true\" class=\"vc_row wpb_row vc_row-fluid  vc_custom_1732636304961   overflow-visible vc_row-has-fill hongo-stretch-content hongo-stretch-content-fluid  hongo_responsive_1732636304964\"><div class=\"wpb_column vc_column_container col-xs-mobile-fullwidth vc_col-sm-12 wow fadeIn text-center\" data-wow-delay= \"300ms\" data-wow-duration= \"1300ms\"><div class=\"vc_column-inner\"><div class=\"wpb_wrapper\"><div class=\"vc_icon_element vc_icon_element-outer vc_custom_1739030537514 smooth-navigation-link vc_icon_element-align-center vc_icon_element-have-style\"><div class=\"vc_icon_element-inner vc_icon_element-color-white vc_icon_element-have-style-inner vc_icon_element-size-xs vc_icon_element-style-rounded vc_icon_element-background vc_icon_element-background-color-custom\"  style=\"background-color:#232323\"><span class=\"vc_icon_element-icon fa-solid fa-chair\" ><\/span><\/div><\/div><div class=\"alt-font heading-style-6 vc_custom_1739031521908 heading-1 hongo-section-heading hongo_font_1739031521907\"><span>Kako se prijaviti?<\/span><\/div><div class=\"alt-font heading-style-5 vc_custom_1739033643497 heading-2 hongo-section-heading hongo_font_1739033643497\"><span>(Ova web stranica je zapravo webshop)<\/span><\/div><div class=\"vc_row wpb_row vc_inner vc_row-fluid   vc_row-o-equal-height vc_row-o-content-top vc_row-flex\"><div class=\"wpb_column vc_column_container vc_col-sm-6 vc_col-md-3 vc_col-xs-12 wow fadeInUp text-center\" data-wow-delay= \"100ms\" data-wow-duration= \"1200ms\"><div class=\"vc_column-inner  hongo_responsive_1564467017464\"><div class=\"wpb_wrapper\"><div class=\"hongo-featurebox-wrap hongo-product-featurebox process-step-style-2 hongo-process-2-1\"><div class=\"hongo-process-wrapper\"><div class=\"hongo-featurebox-img hongo-featurebox-img-border xs-border-display-none\"><span><i class=\"base-color et-browser icon-large\"><\/i><\/span><\/div><div class=\"hongo-process-title alt-font\">Otvorite stranicu radionice na koju se prijavljujete<\/div><div class=\"hongo-process-content\">Klikom na link radionice ili bilo kojeg drugog doga\u0111anja otvara vam se web stranica.<\/div><\/div><\/div><\/div><\/div><\/div><div class=\"wpb_column vc_column_container vc_col-sm-6 vc_col-md-3 vc_col-xs-12 wow fadeInUp text-center\" data-wow-delay= \"300ms\" data-wow-duration= \"1200ms\"><div class=\"vc_column-inner  hongo_responsive_1564467028109\"><div class=\"wpb_wrapper\"><div class=\"hongo-featurebox-wrap hongo-product-featurebox process-step-style-2 hongo-process-2-2\"><div class=\"hongo-process-wrapper\"><div class=\"hongo-featurebox-img hongo-featurebox-img-border sm-border-display-none xs-border-display-none\"><span><i class=\"base-color fas fa-shopping-cart icon-large\"><\/i><\/span><\/div><div class=\"hongo-process-title alt-font\">Dodajte u ko\u0161aricu<\/div><div class=\"hongo-process-content\">Klikom na DODAJ U KO\u0160ARICU odabirete radionicu koju \u017eelite platiti.<\/div><\/div><\/div><\/div><\/div><\/div><div class=\"wpb_column vc_column_container vc_col-sm-6 vc_col-md-3 vc_col-xs-12 wow fadeInUp text-center\" data-wow-delay= \"500ms\" data-wow-duration= \"1200ms\"><div class=\"vc_column-inner  hongo_responsive_1564467040508\"><div class=\"wpb_wrapper\"><div class=\"hongo-featurebox-wrap hongo-product-featurebox process-step-style-2 hongo-process-2-3\"><div class=\"hongo-process-wrapper\"><div class=\"hongo-featurebox-img hongo-featurebox-img-border xs-border-display-none\"><span><i class=\"base-color fas fa-money-bills icon-large\"><\/i><\/span><\/div><div class=\"hongo-process-title alt-font\">Odaberite na\u010din pla\u0107anja<\/div><div class=\"hongo-process-content\">Klikom na ``Pla\u0107anje`` odabirete metodu pla\u0107anja op\u0107om uplatnicom ili druga\u010dije. Potvrdom o pla\u0107anju automatski ste prijavljeni.<\/div><\/div><\/div><\/div><\/div><\/div><div class=\"wpb_column vc_column_container vc_col-sm-6 vc_col-md-3 vc_col-xs-12 wow fadeInUp text-center\" data-wow-delay= \"700ms\" data-wow-duration= \"1200ms\"><div class=\"vc_column-inner\"><div class=\"wpb_wrapper\"><div class=\"hongo-featurebox-wrap hongo-product-featurebox process-step-style-2 hongo-process-2-4\"><div class=\"hongo-process-wrapper\"><div class=\"hongo-featurebox-img lg-border-display-none md-border-display-none sm-border-display-none xs-border-display-none\"><span><i class=\"base-color fas fa-chair icon-large\"><\/i><\/span><\/div><div class=\"hongo-process-title alt-font\">Va\u0161a stolica je rezervirana<\/div><div class=\"hongo-process-content\">Dobrodo\u0161li na radionicu konstelacija! Karmen \u0107e vas nakon uplate kontaktirati sa vi\u0161e detalja o samom doga\u0111anju.<\/div><\/div><\/div><\/div><\/div><\/div><\/div><\/div><\/div><\/div><\/section><div class=\"vc_row-full-width vc_clearfix\"><\/div><section class=\"vc_row wpb_row vc_row-fluid\"><div class=\"wpb_column vc_column_container col-xs-mobile-fullwidth vc_col-sm-6 wow fadeIn\" data-wow-delay= \"100ms\" data-wow-duration= \"1200ms\"><div class=\"vc_column-inner  hongo_responsive_1564476773557\"><div class=\"wpb_wrapper\"><div class=\"alt-font heading-style-3 vc_custom_1739033133852  hongo_responsive_1739033133854 heading-3 hongo-section-heading hongo_font_1739033133851\">It is the discipline of the spirit that puts our spirit at the service of what is possible and in harmony, and so our philosophy of who we are and what we do in this life becomes applied.<\/div><\/div><\/div><\/div><div class=\"wpb_column vc_column_container col-xs-mobile-fullwidth vc_col-sm-6 wow fadeIn\" data-wow-delay= \"300ms\" data-wow-duration= \"1200ms\"><div class=\"vc_column-inner vc_custom_1564476780624  hongo_responsive_1564476780628\"><div class=\"wpb_wrapper\"><div class=\"text-block-content hongo-text-block-1 last-paragraph-no-margin\"><p class=\"no-margin-bottom\">Bert Hellinger never wanted to keep his knowledge a secret, he made his views available to everyone from the very beginning. Thus, we in the team are available for every person, every client or colleague in selfless sharing of information and answers to questions about systemic constellations, always turn to the good.<\/p>\n<\/div><\/div><\/div><\/div><\/section>\n<\/div>","protected":false},"excerpt":{"rendered":"Kako se prijaviti?(Ova web stranica je zapravo webshop)Otvorite stranicu radionice na koju se prijavljujeteKlikom na link radionice ili bilo kojeg drugog doga\u0111anja otvara vam se web stranica.Dodajte u ko\u0161aricuKlikom na DODAJ U KO\u0160ARICU odabirete radionicu koju \u017eelite platiti.Odaberite na\u010din pla\u0107anjaKlikom na ``Pla\u0107anje`` odabirete metodu pla\u0107anja op\u0107om uplatnicom ili druga\u010dije. Potvrdom o pla\u0107anju automatski ste prijavljeni.Va\u0161a stolica je rezerviranaDobrodo\u0161li na radionicu konstelacija! Karmen \u0107e vas nakon uplate kontaktirati sa vi\u0161e detalja o samom doga\u0111anju.Disciplina duha je ta koja stavlja na\u0161 duh u slu\u017ebu onoga \u0161to je mogu\u0107e i u skladu, i tako na\u0161a filozofija o tome tko smo i \u0161to radimo u ovom \u017eivotu postaje primijenjena.Bert Hellinger nikada nije \u017eelio \u010duvati svoje znanje u tajnosti, svoje je poglede od samog po\u010detka u\u010dinio dostupnima svima. Tako smo i mi u timu dostupni za svaku osobu, svakog klijenta ili kolegu u nesebi\u010dnom dijeljenju informacija te odgovorima na pitanja o sistemskim konstelacijama, uvijek okrenuti dobrome.","protected":false},"author":244724598,"featured_media":0,"parent":0,"menu_order":0,"comment_status":"closed","ping_status":"closed","template":"","meta":{"_crdt_document":"","_EventAllDay":false,"_EventTimezone":"","_EventStartDate":"","_EventEndDate":"","_EventStartDateUTC":"","_EventEndDateUTC":"","_EventShowMap":false,"_EventShowMapLink":false,"_EventURL":"","_EventCost":"","_EventCostDescription":"","_EventCurrencySymbol":"","_EventCurrencyCode":"","_EventCurrencyPosition":"","_EventDateTimeSeparator":"","_EventTimeRangeSeparator":"","_EventOrganizerID":[],"_EventVenueID":[],"_OrganizerEmail":"","_OrganizerPhone":"","_OrganizerWebsite":"","_VenueAddress":"","_VenueCity":"","_VenueCountry":"","_VenueProvince":"","_VenueState":"","_VenueZip":"","_VenuePhone":"","_VenueURL":"","_VenueStateProvince":"","_VenueLat":"","_VenueLng":"","_VenueShowMap":false,"_VenueShowMapLink":false,"footnotes":""},"class_list":["post-4996","page","type-page","status-publish","hentry"],"yoast_head":"<!-- This site is optimized with the Yoast SEO Premium plugin v25.0 (Yoast SEO v27.4) - https:\/\/yoast.com\/product\/yoast-seo-premium-wordpress\/ -->\n<title>Kalendar doga\u0111anja - konstelacije.hr<\/title>\n<meta name=\"robots\" content=\"index, follow, max-snippet:-1, max-image-preview:large, max-video-preview:-1\" \/>\n<link rel=\"canonical\" href=\"https:\/\/konstelacije.hr\/en\/kalendar-dogadanja\/\" \/>\n<meta property=\"og:locale\" content=\"en_US\" \/>\n<meta property=\"og:type\" content=\"article\" \/>\n<meta property=\"og:title\" content=\"Kalendar doga\u0111anja\" \/>\n<meta property=\"og:url\" content=\"https:\/\/konstelacije.hr\/en\/kalendar-dogadanja\/\" \/>\n<meta property=\"og:site_name\" content=\"konstelacije.hr\" \/>\n<meta property=\"article:publisher\" content=\"https:\/\/www.facebook.com\/ivanaoreskikonstelator\" \/>\n<meta property=\"article:modified_time\" content=\"2025-03-20T18:29:31+00:00\" \/>\n<meta property=\"og:image\" content=\"https:\/\/i0.wp.com\/konstelacije.hr\/wp-content\/uploads\/2024\/01\/pNpgSmAq_jKMr_1024.webp?fit=1024%2C585&ssl=1\" \/>\n\t<meta property=\"og:image:width\" content=\"1024\" \/>\n\t<meta property=\"og:image:height\" content=\"585\" \/>\n\t<meta property=\"og:image:type\" content=\"image\/webp\" \/>\n<meta name=\"twitter:card\" content=\"summary_large_image\" \/>\n<meta name=\"twitter:label1\" content=\"Est. reading time\" \/>\n\t<meta name=\"twitter:data1\" content=\"5 minutes\" \/>\n<script type=\"application\/ld+json\" class=\"yoast-schema-graph\">{\"@context\":\"https:\\\/\\\/schema.org\",\"@graph\":[{\"@type\":\"WebPage\",\"@id\":\"https:\\\/\\\/konstelacije.hr\\\/kalendar-dogadanja\\\/\",\"url\":\"https:\\\/\\\/konstelacije.hr\\\/kalendar-dogadanja\\\/\",\"name\":\"Kalendar doga\u0111anja - konstelacije.hr\",\"isPartOf\":{\"@id\":\"https:\\\/\\\/konstelacije.hr\\\/#website\"},\"datePublished\":\"2024-01-07T11:34:05+00:00\",\"dateModified\":\"2025-03-20T18:29:31+00:00\",\"breadcrumb\":{\"@id\":\"https:\\\/\\\/konstelacije.hr\\\/kalendar-dogadanja\\\/#breadcrumb\"},\"inLanguage\":\"en-US\",\"potentialAction\":[{\"@type\":\"ReadAction\",\"target\":[\"https:\\\/\\\/konstelacije.hr\\\/kalendar-dogadanja\\\/\"]}]},{\"@type\":\"BreadcrumbList\",\"@id\":\"https:\\\/\\\/konstelacije.hr\\\/kalendar-dogadanja\\\/#breadcrumb\",\"itemListElement\":[{\"@type\":\"ListItem\",\"position\":1,\"name\":\"Po\u010detna stranica\",\"item\":\"https:\\\/\\\/konstelacije.hr\\\/\"},{\"@type\":\"ListItem\",\"position\":2,\"name\":\"Kalendar doga\u0111anja\"}]},{\"@type\":\"WebSite\",\"@id\":\"https:\\\/\\\/konstelacije.hr\\\/#website\",\"url\":\"https:\\\/\\\/konstelacije.hr\\\/\",\"name\":\"konstelacije.hr\",\"description\":\"Znanost sistemskih konstelacija prema Bertu Hellingeru.\",\"publisher\":{\"@id\":\"https:\\\/\\\/konstelacije.hr\\\/#organization\"},\"alternateName\":\"www.konstelacije.hr\",\"potentialAction\":[{\"@type\":\"SearchAction\",\"target\":{\"@type\":\"EntryPoint\",\"urlTemplate\":\"https:\\\/\\\/konstelacije.hr\\\/?s={search_term_string}\"},\"query-input\":{\"@type\":\"PropertyValueSpecification\",\"valueRequired\":true,\"valueName\":\"search_term_string\"}}],\"inLanguage\":\"en-US\"},{\"@type\":\"Organization\",\"@id\":\"https:\\\/\\\/konstelacije.hr\\\/#organization\",\"name\":\"Znanost sistemskog rada, vl. Ivana Ore\u0161ki\",\"alternateName\":\"Znanost sistemskog rada\",\"url\":\"https:\\\/\\\/konstelacije.hr\\\/\",\"logo\":{\"@type\":\"ImageObject\",\"inLanguage\":\"en-US\",\"@id\":\"https:\\\/\\\/konstelacije.hr\\\/#\\\/schema\\\/logo\\\/image\\\/\",\"url\":\"https:\\\/\\\/konstelacije.hr\\\/wp-content\\\/uploads\\\/2024\\\/01\\\/konstelacije.hr-1.png\",\"contentUrl\":\"https:\\\/\\\/konstelacije.hr\\\/wp-content\\\/uploads\\\/2024\\\/01\\\/konstelacije.hr-1.png\",\"width\":120,\"height\":40,\"caption\":\"Znanost sistemskog rada, vl. Ivana Ore\u0161ki\"},\"image\":{\"@id\":\"https:\\\/\\\/konstelacije.hr\\\/#\\\/schema\\\/logo\\\/image\\\/\"},\"sameAs\":[\"https:\\\/\\\/www.facebook.com\\\/ivanaoreskikonstelator\"]}]}<\/script>\n<!-- \/ Yoast SEO Premium plugin. -->","yoast_head_json":{"title":"Kalendar doga\u0111anja - konstelacije.hr","robots":{"index":"index","follow":"follow","max-snippet":"max-snippet:-1","max-image-preview":"max-image-preview:large","max-video-preview":"max-video-preview:-1"},"canonical":"https:\/\/konstelacije.hr\/en\/kalendar-dogadanja\/","og_locale":"en_US","og_type":"article","og_title":"Kalendar doga\u0111anja","og_url":"https:\/\/konstelacije.hr\/en\/kalendar-dogadanja\/","og_site_name":"konstelacije.hr","article_publisher":"https:\/\/www.facebook.com\/ivanaoreskikonstelator","article_modified_time":"2025-03-20T18:29:31+00:00","og_image":[{"width":1024,"height":585,"url":"https:\/\/i0.wp.com\/konstelacije.hr\/wp-content\/uploads\/2024\/01\/pNpgSmAq_jKMr_1024.webp?fit=1024%2C585&ssl=1","type":"image\/webp"}],"twitter_card":"summary_large_image","twitter_misc":{"Est. reading time":"5 minutes"},"schema":{"@context":"https:\/\/schema.org","@graph":[{"@type":"WebPage","@id":"https:\/\/konstelacije.hr\/kalendar-dogadanja\/","url":"https:\/\/konstelacije.hr\/kalendar-dogadanja\/","name":"Kalendar doga\u0111anja - konstelacije.hr","isPartOf":{"@id":"https:\/\/konstelacije.hr\/#website"},"datePublished":"2024-01-07T11:34:05+00:00","dateModified":"2025-03-20T18:29:31+00:00","breadcrumb":{"@id":"https:\/\/konstelacije.hr\/kalendar-dogadanja\/#breadcrumb"},"inLanguage":"en-US","potentialAction":[{"@type":"ReadAction","target":["https:\/\/konstelacije.hr\/kalendar-dogadanja\/"]}]},{"@type":"BreadcrumbList","@id":"https:\/\/konstelacije.hr\/kalendar-dogadanja\/#breadcrumb","itemListElement":[{"@type":"ListItem","position":1,"name":"Po\u010detna stranica","item":"https:\/\/konstelacije.hr\/"},{"@type":"ListItem","position":2,"name":"Kalendar doga\u0111anja"}]},{"@type":"WebSite","@id":"https:\/\/konstelacije.hr\/#website","url":"https:\/\/konstelacije.hr\/","name":"konstelacije.hr","description":"Znanost sistemskih konstelacija prema Bertu Hellingeru.","publisher":{"@id":"https:\/\/konstelacije.hr\/#organization"},"alternateName":"www.konstelacije.hr","potentialAction":[{"@type":"SearchAction","target":{"@type":"EntryPoint","urlTemplate":"https:\/\/konstelacije.hr\/?s={search_term_string}"},"query-input":{"@type":"PropertyValueSpecification","valueRequired":true,"valueName":"search_term_string"}}],"inLanguage":"en-US"},{"@type":"Organization","@id":"https:\/\/konstelacije.hr\/#organization","name":"Stellar.icu","alternateName":"Znanost sistemskog rada","url":"https:\/\/konstelacije.hr\/","logo":{"@type":"ImageObject","inLanguage":"en-US","@id":"https:\/\/konstelacije.hr\/#\/schema\/logo\/image\/","url":"https:\/\/konstelacije.hr\/wp-content\/uploads\/2024\/01\/konstelacije.hr-1.png","contentUrl":"https:\/\/konstelacije.hr\/wp-content\/uploads\/2024\/01\/konstelacije.hr-1.png","width":120,"height":40,"caption":"Znanost sistemskog rada, vl. Ivana Ore\u0161ki"},"image":{"@id":"https:\/\/konstelacije.hr\/#\/schema\/logo\/image\/"},"sameAs":["https:\/\/www.facebook.com\/ivanaoreskikonstelator"]}]}},"jetpack_sharing_enabled":true,"jetpack_likes_enabled":true,"jetpack_shortlink":"https:\/\/wp.me\/Pfpn5q-1iA","_links":{"self":[{"href":"https:\/\/konstelacije.hr\/en\/wp-json\/wp\/v2\/pages\/4996","targetHints":{"allow":["GET"]}}],"collection":[{"href":"https:\/\/konstelacije.hr\/en\/wp-json\/wp\/v2\/pages"}],"about":[{"href":"https:\/\/konstelacije.hr\/en\/wp-json\/wp\/v2\/types\/page"}],"author":[{"embeddable":true,"href":"https:\/\/konstelacije.hr\/en\/wp-json\/wp\/v2\/users\/244724598"}],"replies":[{"embeddable":true,"href":"https:\/\/konstelacije.hr\/en\/wp-json\/wp\/v2\/comments?post=4996"}],"version-history":[{"count":16,"href":"https:\/\/konstelacije.hr\/en\/wp-json\/wp\/v2\/pages\/4996\/revisions"}],"predecessor-version":[{"id":104216,"href":"https:\/\/konstelacije.hr\/en\/wp-json\/wp\/v2\/pages\/4996\/revisions\/104216"}],"wp:attachment":[{"href":"https:\/\/konstelacije.hr\/en\/wp-json\/wp\/v2\/media?parent=4996"}],"curies":[{"name":"wp","href":"https:\/\/api.w.org\/{rel}","templated":true}]}}