{"id":102471,"date":"2024-02-15T14:27:35","date_gmt":"2024-02-15T13:27:35","guid":{"rendered":"https:\/\/konstelacije.hr\/?post_type=product&#038;p=102471"},"modified":"2026-03-05T21:19:51","modified_gmt":"2026-03-05T20:19:51","slug":"individualni-rad","status":"publish","type":"product","link":"https:\/\/konstelacije.hr\/en\/product\/individualni-rad\/","title":{"rendered":"Individualni konstelacijski rad u\u017eivo ili online"},"content":{"rendered":"<div class=\"wpb-content-wrapper\"><section class=\"vc_row wpb_row vc_row-fluid  vc_custom_1550641386235   vc_row-has-fill\"><div class=\"wpb_column vc_column_container col-xs-mobile-fullwidth vc_col-sm-12 vc_col-md-6 wow fadeIn\" data-wow-delay= \"200ms\" data-wow-duration= \"1500ms\"><div class=\"vc_column-inner  hongo_responsive_1566294673742\"><div class=\"wpb_wrapper\"><div class=\"alt-font heading-style-1 heading-1 hongo-section-heading hongo_font_1704721820824\">Kako izgleda individualni rad?<\/div><div class=\"text-block-content hongo-text-block-1 vc_custom_1704725244311 last-paragraph-no-margin\"><p dir=\"ltr\">U grupnom radu konstelator se koncentrira dobro \u010duti pitanje klijenta, pomo\u0107i mu u odre\u0111ivanju teme te odabiru ljudi iz grupe koje treba postaviti u radu, a koji predstavljaju elemente njegovog problema.<\/p>\n<p dir=\"ltr\">U individualnom radu konstelator ide korak dalje. Kako ne postoje drugi predstavnici, konstelator ve\u0107 na po\u010detku slu\u0161a klijenta s druga\u010dijim unutarnjim stavom. Osim \u0161to se koncentrira dobro \u010duti pitanje, odrediti temu te odabrati elemente koje treba postaviti u radu, konstelator dopu\u0161ta primanje onih informacija preko svoga tijela koje su klju\u010dne za rad. Tada je povjerenje u konstelatora apsolutno, i mo\u017ee se po\u010deti s radom. Ono \u0161to se dalje doga\u0111a je iskustvo koje podr\u017eava klijenta u njegovom prolasku kroz konstelacijski proces s velikom ljubavi i mirom, a sve ka rje\u0161enju koje je za njega u tom trenutku jedino, i najbolje.<\/p>\n<\/div><div class=\"alt-font heading-style-1 heading-2 hongo-section-heading hongo_font_1704725200739\">Kome je namijenjen individualni rad?<\/div><div class=\"text-block-content hongo-text-block-2 vc_custom_1708004116539 last-paragraph-no-margin\"><p>Postoje razlozi zbog kojih ljudi ne mogu do\u0107i na grupnu radionicu, svatko ima svoj razlog. Za te ljude je namijenjen individualni rad.<\/p>\n<\/div><div class=\"alt-font heading-style-1 heading-3 hongo-section-heading hongo_font_1704725108032\">Koja pitanja mogu postavljati u individualnom radu?<\/div><div class=\"text-block-content hongo-text-block-3 vc_custom_1704725372506 last-paragraph-no-margin\"><p dir=\"ltr\">U radu mo\u017eete postaviti bilo koje pitanje koje vam \u010dini problem, blokadu ili izazov na nekom od \u017eivotnih podru\u010dja. To su obi\u010dno pitanja na koja ne mo\u017eete prona\u0107i dobro rje\u0161enje, situacije koje se u\u010destalo ponavljaju, ono \u0161to hitno \u017eelite rije\u0161iti ili generalno nerazumijevanje blokada i te\u0161ko\u0107a na koje u \u017eivotu nailazite. No, ako konstelatorica otkrije da je tema vezana za podru\u010dje koje se ne mo\u017ee raditi individualno, npr. podru\u010dje traume ili ocijeni da iz nekog drugog razloga ne mo\u017ee raditi rad, tada se rad ne radi i vra\u0107a vam se puni iznos novca.<\/p>\n<\/div><div class=\"alt-font heading-style-1 heading-4 hongo-section-heading hongo_font_1704725076130\">Koja pitanja ne mogu postavljati?<\/div><div class=\"text-block-content hongo-text-block-4 vc_custom_1704725423237 last-paragraph-no-margin\"><p>Pitanja koja se ve\u017eu uz &#8220;popravak&#8221; radova drugih kolega sli\u010dne ili iste struke (npr. osje\u0107ate se lo\u0161e) ili pitanja iz koristi. Konstelacije su metoda koja se koristi za najve\u0107e dobro svih ljudi jednako.<\/p>\n<\/div><div class=\"alt-font heading-style-1 heading-5 hongo-section-heading hongo_font_1706810515106\">\u0160to nakon kupnje individualnog rada?<\/div><div class=\"text-block-content hongo-text-block-5 vc_custom_1772741929138 last-paragraph-no-margin\"><p>Prije ili nakon kupnje individualnog rada mo\u017eete nam se javiti kako bismo odredili termin sastanka. Mo\u017eete nas kontaktirati na <a href=\"tel:+385958606079\">+385 95 860 6079<\/a><\/p>\n<\/div><\/div><\/div><\/div><div class=\"wpb_column vc_column_container col-xs-mobile-fullwidth vc_col-sm-12 vc_col-md-6 wow fadeIn\" data-wow-delay= \"400ms\" data-wow-duration= \"1500ms\"><div class=\"vc_column-inner\"><div class=\"wpb_wrapper\"><div class=\"wpb_single_image   vc_custom_1772741984541 hongo-full-width-single-image\">\n\t\t\t<figure class=\"wpb_wrapper vc_figure\">\n\t\t\t\t<div class=\"vc_single_image-wrapper\"><img loading=\"lazy\" decoding=\"async\" width=\"1600\" height=\"1200\" src=\"https:\/\/i0.wp.com\/konstelacije.hr\/wp-content\/uploads\/2024\/02\/rijeka-workshop-work-in-pairs.jpg?fit=1600%2C1200&amp;ssl=1\" class=\"vc_single_image-img attachment-full\" alt=\"\" title=\"rijeka workshop work in pairs\" srcset=\"https:\/\/i0.wp.com\/konstelacije.hr\/wp-content\/uploads\/2024\/02\/rijeka-workshop-work-in-pairs.jpg?w=1600&amp;ssl=1 1600w, https:\/\/i0.wp.com\/konstelacije.hr\/wp-content\/uploads\/2024\/02\/rijeka-workshop-work-in-pairs.jpg?resize=300%2C225&amp;ssl=1 300w, https:\/\/i0.wp.com\/konstelacije.hr\/wp-content\/uploads\/2024\/02\/rijeka-workshop-work-in-pairs.jpg?resize=1024%2C768&amp;ssl=1 1024w, https:\/\/i0.wp.com\/konstelacije.hr\/wp-content\/uploads\/2024\/02\/rijeka-workshop-work-in-pairs.jpg?resize=768%2C576&amp;ssl=1 768w, https:\/\/i0.wp.com\/konstelacije.hr\/wp-content\/uploads\/2024\/02\/rijeka-workshop-work-in-pairs.jpg?resize=1536%2C1152&amp;ssl=1 1536w, https:\/\/i0.wp.com\/konstelacije.hr\/wp-content\/uploads\/2024\/02\/rijeka-workshop-work-in-pairs.jpg?resize=16%2C12&amp;ssl=1 16w, https:\/\/i0.wp.com\/konstelacije.hr\/wp-content\/uploads\/2024\/02\/rijeka-workshop-work-in-pairs.jpg?resize=84%2C63&amp;ssl=1 84w, https:\/\/i0.wp.com\/konstelacije.hr\/wp-content\/uploads\/2024\/02\/rijeka-workshop-work-in-pairs.jpg?resize=200%2C150&amp;ssl=1 200w, https:\/\/i0.wp.com\/konstelacije.hr\/wp-content\/uploads\/2024\/02\/rijeka-workshop-work-in-pairs.jpg?resize=450%2C338&amp;ssl=1 450w, https:\/\/i0.wp.com\/konstelacije.hr\/wp-content\/uploads\/2024\/02\/rijeka-workshop-work-in-pairs.jpg?resize=1053%2C790&amp;ssl=1 1053w, https:\/\/i0.wp.com\/konstelacije.hr\/wp-content\/uploads\/2024\/02\/rijeka-workshop-work-in-pairs.jpg?resize=360%2C270&amp;ssl=1 360w, https:\/\/i0.wp.com\/konstelacije.hr\/wp-content\/uploads\/2024\/02\/rijeka-workshop-work-in-pairs.jpg?resize=800%2C600&amp;ssl=1 800w\" sizes=\"auto, (max-width: 1000px) 100vw, 1000px\" data-attachment-id=\"105225\" data-permalink=\"https:\/\/konstelacije.hr\/en\/?attachment_id=105225\" data-orig-file=\"https:\/\/i0.wp.com\/konstelacije.hr\/wp-content\/uploads\/2024\/02\/rijeka-workshop-work-in-pairs.jpg?fit=1600%2C1200&amp;ssl=1\" data-orig-size=\"1600,1200\" data-comments-opened=\"0\" data-image-meta=\"{&quot;aperture&quot;:&quot;0&quot;,&quot;credit&quot;:&quot;&quot;,&quot;camera&quot;:&quot;&quot;,&quot;caption&quot;:&quot;&quot;,&quot;created_timestamp&quot;:&quot;0&quot;,&quot;copyright&quot;:&quot;&quot;,&quot;focal_length&quot;:&quot;0&quot;,&quot;iso&quot;:&quot;0&quot;,&quot;shutter_speed&quot;:&quot;0&quot;,&quot;title&quot;:&quot;&quot;,&quot;orientation&quot;:&quot;1&quot;}\" data-image-title=\"rijeka workshop work in pairs\" data-image-description=\"\" data-image-caption=\"\" data-large-file=\"https:\/\/i0.wp.com\/konstelacije.hr\/wp-content\/uploads\/2024\/02\/rijeka-workshop-work-in-pairs.jpg?fit=1024%2C768&amp;ssl=1\" \/><\/div>\n\t\t\t<\/figure>\n\t\t\t\n\t\t<\/div><\/div><\/div><\/div><\/section>\n<\/div>","protected":false},"excerpt":{"rendered":"<p dir=\"ltr\">Postoje razlozi zbog kojih ljudi ne mogu do\u0107i na grupnu radionicu, svatko ima svoj razlog. Za te ljude je namijenjen individualni rad.<\/p>\n<p dir=\"ltr\">Individualne radove imamo u terminima ponedjeljak, utorak i srijeda od 14h do 20h.<\/p>\n<p dir=\"ltr\">Prije ili nakon kupnje individualnog rada mo\u017eete nam se javiti kako bismo odredili termin online sastanka na <a href=\"tel:+385958606079\">+385 95 860 6079<\/a> , a mo\u017eete i samo do\u0107i u ured bez najave na adresu Vrazov Prijelaz 2, Rijeka: <a href=\"https:\/\/maps.app.goo.gl\/vFk2tR3zQLRixziA7\">Google mapa<\/a><\/p>","protected":false},"featured_media":106236,"comment_status":"open","ping_status":"closed","template":"","meta":{"_crdt_document":"","_EventAllDay":false,"_EventTimezone":"","_EventStartDate":"","_EventEndDate":"","_EventStartDateUTC":"","_EventEndDateUTC":"","_EventShowMap":false,"_EventShowMapLink":false,"_EventURL":"","_EventCost":"","_EventCostDescription":"","_EventCurrencySymbol":"","_EventCurrencyCode":"","_EventCurrencyPosition":"","_EventDateTimeSeparator":"","_EventTimeRangeSeparator":"","_EventOrganizerID":[],"_EventVenueID":[],"_OrganizerEmail":"","_OrganizerPhone":"","_OrganizerWebsite":"","_VenueAddress":"","_VenueCity":"","_VenueCountry":"","_VenueProvince":"","_VenueState":"","_VenueZip":"","_VenuePhone":"","_VenueURL":"","_VenueStateProvince":"","_VenueLat":"","_VenueLng":"","_VenueShowMap":false,"_VenueShowMapLink":false,"jetpack_publicize_message":"","jetpack_publicize_feature_enabled":true,"jetpack_social_post_already_shared":true,"jetpack_social_options":{"image_generator_settings":{"template":"highway","default_image_id":0,"font":"","enabled":false},"version":2},"_wpas_customize_per_network":false},"product_cat":[1581],"product_tag":[1582],"class_list":{"0":"post-102471","1":"product","2":"type-product","3":"status-publish","4":"has-post-thumbnail","6":"product_brand-ivana","7":"product_cat-individualni-rad","8":"product_tag-individualni-rad","10":"first","11":"instock","12":"virtual","13":"purchasable","14":"product-type-simple"},"exclude_global_add_ons":[],"addons":[],"yoast_head":"<!-- This site is optimized with the Yoast SEO Premium plugin v25.0 (Yoast SEO v27.4) - https:\/\/yoast.com\/product\/yoast-seo-premium-wordpress\/ -->\n<title>Individualni konstelacijski rad u\u017eivo ili online - konstelacije.hr<\/title>\n<meta name=\"robots\" content=\"index, follow, max-snippet:-1, max-image-preview:large, max-video-preview:-1\" \/>\n<link rel=\"canonical\" href=\"https:\/\/konstelacije.hr\/en\/product\/individualni-rad\/\" \/>\n<meta property=\"og:locale\" content=\"en_US\" \/>\n<meta property=\"og:type\" content=\"article\" \/>\n<meta property=\"og:title\" content=\"Individualni konstelacijski rad u\u017eivo ili online\" \/>\n<meta property=\"og:description\" content=\"Postoje razlozi zbog kojih ljudi ne mogu do\u0107i na grupnu radionicu, svatko ima svoj razlog. Za te ljude je namijenjen individualni rad. Individualne radove imamo u terminima ponedjeljak, utorak i srijeda od 14h do 20h. Prije ili nakon kupnje individualnog rada mo\u017eete nam se javiti kako bismo odredili termin online sastanka na +385 95 860 6079 , a mo\u017eete i samo do\u0107i u ured bez najave na adresu Vrazov Prijelaz 2, Rijeka: Google mapa\" \/>\n<meta property=\"og:url\" content=\"https:\/\/konstelacije.hr\/en\/product\/individualni-rad\/\" \/>\n<meta property=\"og:site_name\" content=\"konstelacije.hr\" \/>\n<meta property=\"article:publisher\" content=\"https:\/\/www.facebook.com\/ivanaoreskikonstelator\" \/>\n<meta property=\"article:modified_time\" content=\"2026-03-05T20:19:51+00:00\" \/>\n<meta property=\"og:image\" content=\"https:\/\/konstelacije.hr\/wp-content\/uploads\/2024\/02\/individualni-rad-konstelacije.hr_.png\" \/>\n\t<meta property=\"og:image:width\" content=\"1080\" \/>\n\t<meta property=\"og:image:height\" content=\"1080\" \/>\n\t<meta property=\"og:image:type\" content=\"image\/png\" \/>\n<meta name=\"twitter:card\" content=\"summary_large_image\" \/>\n<meta name=\"twitter:label1\" content=\"Est. reading time\" \/>\n\t<meta name=\"twitter:data1\" content=\"3 minutes\" \/>\n<script type=\"application\/ld+json\" class=\"yoast-schema-graph\">{\"@context\":\"https:\\\/\\\/schema.org\",\"@graph\":[{\"@type\":\"WebPage\",\"@id\":\"https:\\\/\\\/konstelacije.hr\\\/product\\\/individualni-rad\\\/\",\"url\":\"https:\\\/\\\/konstelacije.hr\\\/product\\\/individualni-rad\\\/\",\"name\":\"Individualni konstelacijski rad u\u017eivo ili online - konstelacije.hr\",\"isPartOf\":{\"@id\":\"https:\\\/\\\/konstelacije.hr\\\/#website\"},\"primaryImageOfPage\":{\"@id\":\"https:\\\/\\\/konstelacije.hr\\\/product\\\/individualni-rad\\\/#primaryimage\"},\"image\":{\"@id\":\"https:\\\/\\\/konstelacije.hr\\\/product\\\/individualni-rad\\\/#primaryimage\"},\"thumbnailUrl\":\"https:\\\/\\\/i0.wp.com\\\/konstelacije.hr\\\/wp-content\\\/uploads\\\/2024\\\/02\\\/individualni-rad-konstelacije.hr_.png?fit=1080%2C1080&ssl=1\",\"datePublished\":\"2024-02-15T13:27:35+00:00\",\"dateModified\":\"2026-03-05T20:19:51+00:00\",\"breadcrumb\":{\"@id\":\"https:\\\/\\\/konstelacije.hr\\\/product\\\/individualni-rad\\\/#breadcrumb\"},\"inLanguage\":\"en-US\",\"potentialAction\":[{\"@type\":\"ReadAction\",\"target\":[\"https:\\\/\\\/konstelacije.hr\\\/product\\\/individualni-rad\\\/\"]}]},{\"@type\":\"ImageObject\",\"inLanguage\":\"en-US\",\"@id\":\"https:\\\/\\\/konstelacije.hr\\\/product\\\/individualni-rad\\\/#primaryimage\",\"url\":\"https:\\\/\\\/i0.wp.com\\\/konstelacije.hr\\\/wp-content\\\/uploads\\\/2024\\\/02\\\/individualni-rad-konstelacije.hr_.png?fit=1080%2C1080&ssl=1\",\"contentUrl\":\"https:\\\/\\\/i0.wp.com\\\/konstelacije.hr\\\/wp-content\\\/uploads\\\/2024\\\/02\\\/individualni-rad-konstelacije.hr_.png?fit=1080%2C1080&ssl=1\",\"width\":1080,\"height\":1080},{\"@type\":\"BreadcrumbList\",\"@id\":\"https:\\\/\\\/konstelacije.hr\\\/product\\\/individualni-rad\\\/#breadcrumb\",\"itemListElement\":[{\"@type\":\"ListItem\",\"position\":1,\"name\":\"Po\u010detna stranica\",\"item\":\"https:\\\/\\\/konstelacije.hr\\\/\"},{\"@type\":\"ListItem\",\"position\":2,\"name\":\"Sve usluge\",\"item\":\"https:\\\/\\\/konstelacije.hr\\\/shop\\\/\"},{\"@type\":\"ListItem\",\"position\":3,\"name\":\"Individualni konstelacijski rad u\u017eivo ili online\"}]},{\"@type\":\"WebSite\",\"@id\":\"https:\\\/\\\/konstelacije.hr\\\/#website\",\"url\":\"https:\\\/\\\/konstelacije.hr\\\/\",\"name\":\"konstelacije.hr\",\"description\":\"Znanost sistemskih konstelacija prema Bertu Hellingeru.\",\"publisher\":{\"@id\":\"https:\\\/\\\/konstelacije.hr\\\/#organization\"},\"alternateName\":\"www.konstelacije.hr\",\"potentialAction\":[{\"@type\":\"SearchAction\",\"target\":{\"@type\":\"EntryPoint\",\"urlTemplate\":\"https:\\\/\\\/konstelacije.hr\\\/?s={search_term_string}\"},\"query-input\":{\"@type\":\"PropertyValueSpecification\",\"valueRequired\":true,\"valueName\":\"search_term_string\"}}],\"inLanguage\":\"en-US\"},{\"@type\":\"Organization\",\"@id\":\"https:\\\/\\\/konstelacije.hr\\\/#organization\",\"name\":\"Znanost sistemskog rada, vl. Ivana Ore\u0161ki\",\"alternateName\":\"Znanost sistemskog rada\",\"url\":\"https:\\\/\\\/konstelacije.hr\\\/\",\"logo\":{\"@type\":\"ImageObject\",\"inLanguage\":\"en-US\",\"@id\":\"https:\\\/\\\/konstelacije.hr\\\/#\\\/schema\\\/logo\\\/image\\\/\",\"url\":\"https:\\\/\\\/konstelacije.hr\\\/wp-content\\\/uploads\\\/2024\\\/01\\\/konstelacije.hr-1.png\",\"contentUrl\":\"https:\\\/\\\/konstelacije.hr\\\/wp-content\\\/uploads\\\/2024\\\/01\\\/konstelacije.hr-1.png\",\"width\":120,\"height\":40,\"caption\":\"Znanost sistemskog rada, vl. Ivana Ore\u0161ki\"},\"image\":{\"@id\":\"https:\\\/\\\/konstelacije.hr\\\/#\\\/schema\\\/logo\\\/image\\\/\"},\"sameAs\":[\"https:\\\/\\\/www.facebook.com\\\/ivanaoreskikonstelator\"]}]}<\/script>\n<!-- \/ Yoast SEO Premium plugin. -->","yoast_head_json":{"title":"Individualni konstelacijski rad u\u017eivo ili online - konstelacije.hr","robots":{"index":"index","follow":"follow","max-snippet":"max-snippet:-1","max-image-preview":"max-image-preview:large","max-video-preview":"max-video-preview:-1"},"canonical":"https:\/\/konstelacije.hr\/en\/product\/individualni-rad\/","og_locale":"en_US","og_type":"article","og_title":"Individualni konstelacijski rad u\u017eivo ili online","og_description":"Postoje razlozi zbog kojih ljudi ne mogu do\u0107i na grupnu radionicu, svatko ima svoj razlog. Za te ljude je namijenjen individualni rad. Individualne radove imamo u terminima ponedjeljak, utorak i srijeda od 14h do 20h. Prije ili nakon kupnje individualnog rada mo\u017eete nam se javiti kako bismo odredili termin online sastanka na +385 95 860 6079 , a mo\u017eete i samo do\u0107i u ured bez najave na adresu Vrazov Prijelaz 2, Rijeka: Google mapa","og_url":"https:\/\/konstelacije.hr\/en\/product\/individualni-rad\/","og_site_name":"konstelacije.hr","article_publisher":"https:\/\/www.facebook.com\/ivanaoreskikonstelator","article_modified_time":"2026-03-05T20:19:51+00:00","og_image":[{"width":1080,"height":1080,"url":"https:\/\/konstelacije.hr\/wp-content\/uploads\/2024\/02\/individualni-rad-konstelacije.hr_.png","type":"image\/png"}],"twitter_card":"summary_large_image","twitter_misc":{"Est. reading time":"3 minutes"},"schema":{"@context":"https:\/\/schema.org","@graph":[{"@type":"WebPage","@id":"https:\/\/konstelacije.hr\/product\/individualni-rad\/","url":"https:\/\/konstelacije.hr\/product\/individualni-rad\/","name":"Individualni konstelacijski rad u\u017eivo ili online - konstelacije.hr","isPartOf":{"@id":"https:\/\/konstelacije.hr\/#website"},"primaryImageOfPage":{"@id":"https:\/\/konstelacije.hr\/product\/individualni-rad\/#primaryimage"},"image":{"@id":"https:\/\/konstelacije.hr\/product\/individualni-rad\/#primaryimage"},"thumbnailUrl":"https:\/\/i0.wp.com\/konstelacije.hr\/wp-content\/uploads\/2024\/02\/individualni-rad-konstelacije.hr_.png?fit=1080%2C1080&ssl=1","datePublished":"2024-02-15T13:27:35+00:00","dateModified":"2026-03-05T20:19:51+00:00","breadcrumb":{"@id":"https:\/\/konstelacije.hr\/product\/individualni-rad\/#breadcrumb"},"inLanguage":"en-US","potentialAction":[{"@type":"ReadAction","target":["https:\/\/konstelacije.hr\/product\/individualni-rad\/"]}]},{"@type":"ImageObject","inLanguage":"en-US","@id":"https:\/\/konstelacije.hr\/product\/individualni-rad\/#primaryimage","url":"https:\/\/i0.wp.com\/konstelacije.hr\/wp-content\/uploads\/2024\/02\/individualni-rad-konstelacije.hr_.png?fit=1080%2C1080&ssl=1","contentUrl":"https:\/\/i0.wp.com\/konstelacije.hr\/wp-content\/uploads\/2024\/02\/individualni-rad-konstelacije.hr_.png?fit=1080%2C1080&ssl=1","width":1080,"height":1080},{"@type":"BreadcrumbList","@id":"https:\/\/konstelacije.hr\/product\/individualni-rad\/#breadcrumb","itemListElement":[{"@type":"ListItem","position":1,"name":"Po\u010detna stranica","item":"https:\/\/konstelacije.hr\/"},{"@type":"ListItem","position":2,"name":"Sve usluge","item":"https:\/\/konstelacije.hr\/shop\/"},{"@type":"ListItem","position":3,"name":"Individualni konstelacijski rad u\u017eivo ili online"}]},{"@type":"WebSite","@id":"https:\/\/konstelacije.hr\/#website","url":"https:\/\/konstelacije.hr\/","name":"konstelacije.hr","description":"Znanost sistemskih konstelacija prema Bertu Hellingeru.","publisher":{"@id":"https:\/\/konstelacije.hr\/#organization"},"alternateName":"www.konstelacije.hr","potentialAction":[{"@type":"SearchAction","target":{"@type":"EntryPoint","urlTemplate":"https:\/\/konstelacije.hr\/?s={search_term_string}"},"query-input":{"@type":"PropertyValueSpecification","valueRequired":true,"valueName":"search_term_string"}}],"inLanguage":"en-US"},{"@type":"Organization","@id":"https:\/\/konstelacije.hr\/#organization","name":"Stellar.icu","alternateName":"Znanost sistemskog rada","url":"https:\/\/konstelacije.hr\/","logo":{"@type":"ImageObject","inLanguage":"en-US","@id":"https:\/\/konstelacije.hr\/#\/schema\/logo\/image\/","url":"https:\/\/konstelacije.hr\/wp-content\/uploads\/2024\/01\/konstelacije.hr-1.png","contentUrl":"https:\/\/konstelacije.hr\/wp-content\/uploads\/2024\/01\/konstelacije.hr-1.png","width":120,"height":40,"caption":"Znanost sistemskog rada, vl. Ivana Ore\u0161ki"},"image":{"@id":"https:\/\/konstelacije.hr\/#\/schema\/logo\/image\/"},"sameAs":["https:\/\/www.facebook.com\/ivanaoreskikonstelator"]}]}},"jetpack_publicize_connections":[],"jetpack_sharing_enabled":true,"jetpack_likes_enabled":true,"_links":{"self":[{"href":"https:\/\/konstelacije.hr\/en\/wp-json\/wp\/v2\/product\/102471","targetHints":{"allow":["GET"]}}],"collection":[{"href":"https:\/\/konstelacije.hr\/en\/wp-json\/wp\/v2\/product"}],"about":[{"href":"https:\/\/konstelacije.hr\/en\/wp-json\/wp\/v2\/types\/product"}],"replies":[{"embeddable":true,"href":"https:\/\/konstelacije.hr\/en\/wp-json\/wp\/v2\/comments?post=102471"}],"wp:featuredmedia":[{"embeddable":true,"href":"https:\/\/konstelacije.hr\/en\/wp-json\/wp\/v2\/media\/106236"}],"wp:attachment":[{"href":"https:\/\/konstelacije.hr\/en\/wp-json\/wp\/v2\/media?parent=102471"}],"wp:term":[{"taxonomy":"product_cat","embeddable":true,"href":"https:\/\/konstelacije.hr\/en\/wp-json\/wp\/v2\/product_cat?post=102471"},{"taxonomy":"product_tag","embeddable":true,"href":"https:\/\/konstelacije.hr\/en\/wp-json\/wp\/v2\/product_tag?post=102471"}],"curies":[{"name":"wp","href":"https:\/\/api.w.org\/{rel}","templated":true}]}}