{"id":106012,"date":"2026-01-19T13:07:49","date_gmt":"2026-01-19T12:07:49","guid":{"rendered":"https:\/\/konstelacije.hr\/?post_type=product&#038;p=106012"},"modified":"2026-03-02T21:39:50","modified_gmt":"2026-03-02T20:39:50","slug":"konstelacije","status":"publish","type":"product","link":"https:\/\/konstelacije.hr\/en\/product\/konstelacije\/","title":{"rendered":"RIJEKA | 12.04. | slobodna radonica konstelacija"},"content":{"rendered":"<div class=\"wpb-content-wrapper\"><section class=\"vc_row wpb_row vc_row-fluid\"><div class=\"wpb_column vc_column_container col-xs-mobile-fullwidth vc_col-sm-12\"><div class=\"vc_column-inner\"><div class=\"wpb_wrapper\"><div class=\"separator-style-1 vc_custom_1763387736372 separator-style1-1\"><\/div><div class=\"text-block-content hongo-text-block-1 last-paragraph-no-margin\"><p>Pozivamo vas na nedjeljno dru\u017eenje i konstelacije, gdje mo\u017eete u\u010diti o tome kako ljudski sistemi funkcioniraju, \u0161to to zapravo zna\u010di &#8220;biti \u010dovjek&#8221;, postavljati pitanja, tako\u0111er i postaviti vlastiti rad. Dobrodo\u0161li ste takvi kakvi jeste, dobrodo\u0161la su va\u0161a pitanja.<\/p>\n<p>\ud83d\udccd Lokacija radionice: Ulica Vrazov Prijelaz 2, Rijeka (Bulevard, po\u010detak Gunduli\u0107eve ulice, blizina II. policijske postaje)<br \/>\n\ud83d\udccc Pogledaj na <strong><a href=\"https:\/\/maps.app.goo.gl\/JbY9xSvmtQXKTt29A\">Google karti<\/a><\/strong><\/p>\n<p><span style=\"text-decoration: underline;\"><em>Trebate ili nudite prijevoz iz drugog grada do Rijeke? Prilikom kupnje nazna\u010dite u opisu nudite li prijevoz ili ga tra\u017eite, ili se javite Karmen \u2013 spojit \u0107emo vas s osobom iz tog grada.<\/em><\/span><\/p>\n<p data-start=\"192\" data-end=\"212\"><em>\u2728 Dragi polaznici,<\/em><\/p>\n<p data-start=\"214\" data-end=\"351\"><em>Pokret uzimanja \u017eivota zavr\u0161ava s po\u0161tovanjem. A kada se s po\u0161tovanjem okrenemo \u017eivotu, upravo to po\u0161tovanje postaje klju\u010d koji sva vrata otvara.<\/em><\/p>\n<p data-start=\"353\" data-end=\"383\"><em>\ud83c\udf3f Veselim se na\u0161em susretu!<\/em><\/p>\n<p data-start=\"385\" data-end=\"407\"><em>Konstelatorica Ivana<\/em><\/p>\n<p data-start=\"385\" data-end=\"407\">________<\/p>\n<p data-start=\"385\" data-end=\"407\">Neki tekstovi s bloga:<\/p>\n<ul>\n<li data-start=\"385\" data-end=\"407\"><a href=\"https:\/\/konstelacije.hr\/en\/riznica-znanja\/\">Za\u0161to konstelacije nisu \u201ealternativna\u201c, ve\u0107 novootkrivena metoda jedne generacije?<\/a><\/li>\n<li data-start=\"385\" data-end=\"407\"><a href=\"https:\/\/konstelacije.hr\/en\/2025\/05\/15\/podcjenjivanje-prisutnosti-oba-roditelja-u-radu-sa-djecom\/\">Podcjenjivanje prisutnosti oba roditelja u radu sa djecom<\/a><\/li>\n<li data-start=\"385\" data-end=\"407\"><a class=\"entry-title alt-font\" href=\"https:\/\/konstelacije.hr\/en\/2025\/03\/28\/zao-mi-je-onda-kada-partnerstvo-nije-uspjelo\/\">\u201e\u017dao mi je\u201c onda kada partnerstvo nije uspjelo<\/a><\/li>\n<li><a class=\"entry-title alt-font\" href=\"https:\/\/konstelacije.hr\/en\/2025\/03\/31\/partnerstvo-vs-roditeljstvo-kakvi-su-to-odnosi\/\">Partnerstvo vs roditeljstvo: kakvi su to odnosi?<\/a><\/li>\n<li><a class=\"entry-title alt-font\" href=\"https:\/\/konstelacije.hr\/en\/2024\/02\/01\/kako-se-dobro-oprostiti-u-poslovnom-sustavu\/\">Kako se dobro oprostiti u poslovnom sustavu?<\/a><\/li>\n<\/ul>\n<\/div><\/div><\/div><\/div><\/section>\n<\/div>","protected":false},"excerpt":{"rendered":"<p data-start=\"378\" data-end=\"662\">Temelj na\u0161ih radionica su sigurnost i sloboda, a atmosfera je prijateljska vesela. Svi koji \u017eele sudjelovati mogu do\u0107i <strong data-start=\"492\" data-end=\"566\">u nedjelju 12.04. u 10:00 sati, ili u drugo vrijeme<\/strong>. Ako do\u0111ete dok traje rad, samo pri\u010dekajte vani dok ne zavr\u0161i (vidjet \u0107ete kroz staklo jeli rad u tijeku), pa onda u\u0111ite, ili \u0107e vas konstelatorica pustiti. Radionice su zami\u0161ljene kao otvoren i fleksibilan prostor dru\u017eenja i rada. Na radionicama nije potrebno ostajati cijeli dan. Sudionici mogu oti\u0107i kada im odgovara, kao i oni koji postavljaju vlastiti rad.<\/p>\n<p data-start=\"1119\" data-end=\"1186\"><strong data-start=\"1119\" data-end=\"1154\">Cijena sudjelovanja iznosi 50 \u20ac<\/strong>. Obvezno je da se prijavite putem weba, \u010dak i da se na dan radionice odlu\u010dite do\u0107i, jer ne primamo novac na ruke.<\/p>\n<p>Za dodatne informacije slobodno se javite <a href=\"tel:+385958606079\">+385 95 860 6079<\/a><\/p>\n<p data-start=\"1188\" data-end=\"1244\">Dobrodo\u0161li.<\/p>","protected":false},"featured_media":106176,"comment_status":"open","ping_status":"closed","template":"","meta":{"_crdt_document":"","_EventAllDay":false,"_EventTimezone":"","_EventStartDate":"","_EventEndDate":"","_EventStartDateUTC":"","_EventEndDateUTC":"","_EventShowMap":false,"_EventShowMapLink":false,"_EventURL":"","_EventCost":"","_EventCostDescription":"","_EventCurrencySymbol":"","_EventCurrencyCode":"","_EventCurrencyPosition":"","_EventDateTimeSeparator":"","_EventTimeRangeSeparator":"","_EventOrganizerID":[],"_EventVenueID":[],"_OrganizerEmail":"","_OrganizerPhone":"","_OrganizerWebsite":"","_VenueAddress":"","_VenueCity":"","_VenueCountry":"","_VenueProvince":"","_VenueState":"","_VenueZip":"","_VenuePhone":"","_VenueURL":"","_VenueStateProvince":"","_VenueLat":"","_VenueLng":"","_VenueShowMap":false,"_VenueShowMapLink":false,"jetpack_post_was_ever_published":true,"jetpack_publicize_message":"","jetpack_publicize_feature_enabled":true,"jetpack_social_post_already_shared":true,"jetpack_social_options":{"image_generator_settings":{"template":"highway","default_image_id":0,"font":"","enabled":false},"version":2},"_wpas_customize_per_network":false},"product_cat":[1631],"product_tag":[1461,1620],"class_list":{"0":"post-106012","1":"product","2":"type-product","3":"status-publish","4":"has-post-thumbnail","6":"product_brand-ivana","7":"product_cat-radionice-sistemskih-konstelacija-u-2026","8":"product_tag-radionice","9":"product_tag-rijeka","11":"first","12":"instock","13":"featured","14":"virtual","15":"purchasable","16":"product-type-simple"},"exclude_global_add_ons":[],"addons":[],"yoast_head":"<!-- This site is optimized with the Yoast SEO Premium plugin v25.0 (Yoast SEO v27.3) - https:\/\/yoast.com\/product\/yoast-seo-premium-wordpress\/ -->\n<title>RIJEKA | 12.04. | slobodna radonica konstelacija - konstelacije.hr<\/title>\n<meta name=\"description\" content=\"Pozivamo vas na grupnu radionicu sistemskih konstelacija u Rijeci. Dobrodo\u0161li ste takvi kakvi jeste, dobrodo\u0161la su va\u0161a pitanja.\" \/>\n<meta name=\"robots\" content=\"index, follow, max-snippet:-1, max-image-preview:large, max-video-preview:-1\" \/>\n<link rel=\"canonical\" href=\"https:\/\/konstelacije.hr\/en\/product\/konstelacije\/\" \/>\n<meta property=\"og:locale\" content=\"en_US\" \/>\n<meta property=\"og:type\" content=\"article\" \/>\n<meta property=\"og:title\" content=\"RIJEKA | 12.04. | slobodna radonica konstelacija\" \/>\n<meta property=\"og:description\" content=\"Pozivamo vas na grupnu radionicu sistemskih konstelacija u Rijeci. Dobrodo\u0161li ste takvi kakvi jeste, dobrodo\u0161la su va\u0161a pitanja.\" \/>\n<meta property=\"og:url\" content=\"https:\/\/konstelacije.hr\/en\/product\/konstelacije\/\" \/>\n<meta property=\"og:site_name\" content=\"konstelacije.hr\" \/>\n<meta property=\"article:publisher\" content=\"https:\/\/www.facebook.com\/ivanaoreskikonstelator\" \/>\n<meta property=\"article:modified_time\" content=\"2026-03-02T20:39:50+00:00\" \/>\n<meta property=\"og:image\" content=\"https:\/\/konstelacije.hr\/wp-content\/uploads\/2026\/01\/konstelacije-travanj-2026.png\" \/>\n\t<meta property=\"og:image:width\" content=\"1080\" \/>\n\t<meta property=\"og:image:height\" content=\"1080\" \/>\n\t<meta property=\"og:image:type\" content=\"image\/png\" \/>\n<meta name=\"twitter:card\" content=\"summary_large_image\" \/>\n<meta name=\"twitter:label1\" content=\"Est. reading time\" \/>\n\t<meta name=\"twitter:data1\" content=\"2 minutes\" \/>\n<script type=\"application\/ld+json\" class=\"yoast-schema-graph\">{\"@context\":\"https:\\\/\\\/schema.org\",\"@graph\":[{\"@type\":\"WebPage\",\"@id\":\"https:\\\/\\\/konstelacije.hr\\\/product\\\/konstelacije\\\/\",\"url\":\"https:\\\/\\\/konstelacije.hr\\\/product\\\/konstelacije\\\/\",\"name\":\"RIJEKA | 12.04. | slobodna radonica konstelacija - konstelacije.hr\",\"isPartOf\":{\"@id\":\"https:\\\/\\\/konstelacije.hr\\\/#website\"},\"primaryImageOfPage\":{\"@id\":\"https:\\\/\\\/konstelacije.hr\\\/product\\\/konstelacije\\\/#primaryimage\"},\"image\":{\"@id\":\"https:\\\/\\\/konstelacije.hr\\\/product\\\/konstelacije\\\/#primaryimage\"},\"thumbnailUrl\":\"https:\\\/\\\/i0.wp.com\\\/konstelacije.hr\\\/wp-content\\\/uploads\\\/2026\\\/01\\\/konstelacije-travanj-2026.png?fit=1080%2C1080&ssl=1\",\"datePublished\":\"2026-01-19T12:07:49+00:00\",\"dateModified\":\"2026-03-02T20:39:50+00:00\",\"description\":\"Pozivamo vas na grupnu radionicu sistemskih konstelacija u Rijeci. Dobrodo\u0161li ste takvi kakvi jeste, dobrodo\u0161la su va\u0161a pitanja.\",\"breadcrumb\":{\"@id\":\"https:\\\/\\\/konstelacije.hr\\\/product\\\/konstelacije\\\/#breadcrumb\"},\"inLanguage\":\"en-US\",\"potentialAction\":[{\"@type\":\"ReadAction\",\"target\":[\"https:\\\/\\\/konstelacije.hr\\\/product\\\/konstelacije\\\/\"]}]},{\"@type\":\"ImageObject\",\"inLanguage\":\"en-US\",\"@id\":\"https:\\\/\\\/konstelacije.hr\\\/product\\\/konstelacije\\\/#primaryimage\",\"url\":\"https:\\\/\\\/i0.wp.com\\\/konstelacije.hr\\\/wp-content\\\/uploads\\\/2026\\\/01\\\/konstelacije-travanj-2026.png?fit=1080%2C1080&ssl=1\",\"contentUrl\":\"https:\\\/\\\/i0.wp.com\\\/konstelacije.hr\\\/wp-content\\\/uploads\\\/2026\\\/01\\\/konstelacije-travanj-2026.png?fit=1080%2C1080&ssl=1\",\"width\":1080,\"height\":1080},{\"@type\":\"BreadcrumbList\",\"@id\":\"https:\\\/\\\/konstelacije.hr\\\/product\\\/konstelacije\\\/#breadcrumb\",\"itemListElement\":[{\"@type\":\"ListItem\",\"position\":1,\"name\":\"Po\u010detna stranica\",\"item\":\"https:\\\/\\\/konstelacije.hr\\\/\"},{\"@type\":\"ListItem\",\"position\":2,\"name\":\"Sve usluge\",\"item\":\"https:\\\/\\\/konstelacije.hr\\\/shop\\\/\"},{\"@type\":\"ListItem\",\"position\":3,\"name\":\"RIJEKA | 12.04. | slobodna radonica konstelacija\"}]},{\"@type\":\"WebSite\",\"@id\":\"https:\\\/\\\/konstelacije.hr\\\/#website\",\"url\":\"https:\\\/\\\/konstelacije.hr\\\/\",\"name\":\"konstelacije.hr\",\"description\":\"Znanost sistemskih konstelacija prema Bertu Hellingeru.\",\"publisher\":{\"@id\":\"https:\\\/\\\/konstelacije.hr\\\/#organization\"},\"alternateName\":\"www.konstelacije.hr\",\"potentialAction\":[{\"@type\":\"SearchAction\",\"target\":{\"@type\":\"EntryPoint\",\"urlTemplate\":\"https:\\\/\\\/konstelacije.hr\\\/?s={search_term_string}\"},\"query-input\":{\"@type\":\"PropertyValueSpecification\",\"valueRequired\":true,\"valueName\":\"search_term_string\"}}],\"inLanguage\":\"en-US\"},{\"@type\":\"Organization\",\"@id\":\"https:\\\/\\\/konstelacije.hr\\\/#organization\",\"name\":\"Znanost sistemskog rada, vl. Ivana Ore\u0161ki\",\"alternateName\":\"Znanost sistemskog rada\",\"url\":\"https:\\\/\\\/konstelacije.hr\\\/\",\"logo\":{\"@type\":\"ImageObject\",\"inLanguage\":\"en-US\",\"@id\":\"https:\\\/\\\/konstelacije.hr\\\/#\\\/schema\\\/logo\\\/image\\\/\",\"url\":\"https:\\\/\\\/konstelacije.hr\\\/wp-content\\\/uploads\\\/2024\\\/01\\\/konstelacije.hr-1.png\",\"contentUrl\":\"https:\\\/\\\/konstelacije.hr\\\/wp-content\\\/uploads\\\/2024\\\/01\\\/konstelacije.hr-1.png\",\"width\":120,\"height\":40,\"caption\":\"Znanost sistemskog rada, vl. Ivana Ore\u0161ki\"},\"image\":{\"@id\":\"https:\\\/\\\/konstelacije.hr\\\/#\\\/schema\\\/logo\\\/image\\\/\"},\"sameAs\":[\"https:\\\/\\\/www.facebook.com\\\/ivanaoreskikonstelator\"]}]}<\/script>\n<!-- \/ Yoast SEO Premium plugin. -->","yoast_head_json":{"title":"RIJEKA | 12.04. | slobodna radonica konstelacija - konstelacije.hr","description":"Pozivamo vas na grupnu radionicu sistemskih konstelacija u Rijeci. Dobrodo\u0161li ste takvi kakvi jeste, dobrodo\u0161la su va\u0161a pitanja.","robots":{"index":"index","follow":"follow","max-snippet":"max-snippet:-1","max-image-preview":"max-image-preview:large","max-video-preview":"max-video-preview:-1"},"canonical":"https:\/\/konstelacije.hr\/en\/product\/konstelacije\/","og_locale":"en_US","og_type":"article","og_title":"RIJEKA | 12.04. | slobodna radonica konstelacija","og_description":"Pozivamo vas na grupnu radionicu sistemskih konstelacija u Rijeci. Dobrodo\u0161li ste takvi kakvi jeste, dobrodo\u0161la su va\u0161a pitanja.","og_url":"https:\/\/konstelacije.hr\/en\/product\/konstelacije\/","og_site_name":"konstelacije.hr","article_publisher":"https:\/\/www.facebook.com\/ivanaoreskikonstelator","article_modified_time":"2026-03-02T20:39:50+00:00","og_image":[{"width":1080,"height":1080,"url":"https:\/\/konstelacije.hr\/wp-content\/uploads\/2026\/01\/konstelacije-travanj-2026.png","type":"image\/png"}],"twitter_card":"summary_large_image","twitter_misc":{"Est. reading time":"2 minutes"},"schema":{"@context":"https:\/\/schema.org","@graph":[{"@type":"WebPage","@id":"https:\/\/konstelacije.hr\/product\/konstelacije\/","url":"https:\/\/konstelacije.hr\/product\/konstelacije\/","name":"RIJEKA | 12.04. | slobodna radonica konstelacija - konstelacije.hr","isPartOf":{"@id":"https:\/\/konstelacije.hr\/#website"},"primaryImageOfPage":{"@id":"https:\/\/konstelacije.hr\/product\/konstelacije\/#primaryimage"},"image":{"@id":"https:\/\/konstelacije.hr\/product\/konstelacije\/#primaryimage"},"thumbnailUrl":"https:\/\/i0.wp.com\/konstelacije.hr\/wp-content\/uploads\/2026\/01\/konstelacije-travanj-2026.png?fit=1080%2C1080&ssl=1","datePublished":"2026-01-19T12:07:49+00:00","dateModified":"2026-03-02T20:39:50+00:00","description":"Pozivamo vas na grupnu radionicu sistemskih konstelacija u Rijeci. Dobrodo\u0161li ste takvi kakvi jeste, dobrodo\u0161la su va\u0161a pitanja.","breadcrumb":{"@id":"https:\/\/konstelacije.hr\/product\/konstelacije\/#breadcrumb"},"inLanguage":"en-US","potentialAction":[{"@type":"ReadAction","target":["https:\/\/konstelacije.hr\/product\/konstelacije\/"]}]},{"@type":"ImageObject","inLanguage":"en-US","@id":"https:\/\/konstelacije.hr\/product\/konstelacije\/#primaryimage","url":"https:\/\/i0.wp.com\/konstelacije.hr\/wp-content\/uploads\/2026\/01\/konstelacije-travanj-2026.png?fit=1080%2C1080&ssl=1","contentUrl":"https:\/\/i0.wp.com\/konstelacije.hr\/wp-content\/uploads\/2026\/01\/konstelacije-travanj-2026.png?fit=1080%2C1080&ssl=1","width":1080,"height":1080},{"@type":"BreadcrumbList","@id":"https:\/\/konstelacije.hr\/product\/konstelacije\/#breadcrumb","itemListElement":[{"@type":"ListItem","position":1,"name":"Po\u010detna stranica","item":"https:\/\/konstelacije.hr\/"},{"@type":"ListItem","position":2,"name":"Sve usluge","item":"https:\/\/konstelacije.hr\/shop\/"},{"@type":"ListItem","position":3,"name":"RIJEKA | 12.04. | slobodna radonica konstelacija"}]},{"@type":"WebSite","@id":"https:\/\/konstelacije.hr\/#website","url":"https:\/\/konstelacije.hr\/","name":"konstelacije.hr","description":"Znanost sistemskih konstelacija prema Bertu Hellingeru.","publisher":{"@id":"https:\/\/konstelacije.hr\/#organization"},"alternateName":"www.konstelacije.hr","potentialAction":[{"@type":"SearchAction","target":{"@type":"EntryPoint","urlTemplate":"https:\/\/konstelacije.hr\/?s={search_term_string}"},"query-input":{"@type":"PropertyValueSpecification","valueRequired":true,"valueName":"search_term_string"}}],"inLanguage":"en-US"},{"@type":"Organization","@id":"https:\/\/konstelacije.hr\/#organization","name":"Stellar.icu","alternateName":"Znanost sistemskog rada","url":"https:\/\/konstelacije.hr\/","logo":{"@type":"ImageObject","inLanguage":"en-US","@id":"https:\/\/konstelacije.hr\/#\/schema\/logo\/image\/","url":"https:\/\/konstelacije.hr\/wp-content\/uploads\/2024\/01\/konstelacije.hr-1.png","contentUrl":"https:\/\/konstelacije.hr\/wp-content\/uploads\/2024\/01\/konstelacije.hr-1.png","width":120,"height":40,"caption":"Znanost sistemskog rada, vl. Ivana Ore\u0161ki"},"image":{"@id":"https:\/\/konstelacije.hr\/#\/schema\/logo\/image\/"},"sameAs":["https:\/\/www.facebook.com\/ivanaoreskikonstelator"]}]}},"jetpack_publicize_connections":[],"jetpack_sharing_enabled":true,"jetpack_likes_enabled":true,"_links":{"self":[{"href":"https:\/\/konstelacije.hr\/en\/wp-json\/wp\/v2\/product\/106012","targetHints":{"allow":["GET"]}}],"collection":[{"href":"https:\/\/konstelacije.hr\/en\/wp-json\/wp\/v2\/product"}],"about":[{"href":"https:\/\/konstelacije.hr\/en\/wp-json\/wp\/v2\/types\/product"}],"replies":[{"embeddable":true,"href":"https:\/\/konstelacije.hr\/en\/wp-json\/wp\/v2\/comments?post=106012"}],"wp:featuredmedia":[{"embeddable":true,"href":"https:\/\/konstelacije.hr\/en\/wp-json\/wp\/v2\/media\/106176"}],"wp:attachment":[{"href":"https:\/\/konstelacije.hr\/en\/wp-json\/wp\/v2\/media?parent=106012"}],"wp:term":[{"taxonomy":"product_cat","embeddable":true,"href":"https:\/\/konstelacije.hr\/en\/wp-json\/wp\/v2\/product_cat?post=106012"},{"taxonomy":"product_tag","embeddable":true,"href":"https:\/\/konstelacije.hr\/en\/wp-json\/wp\/v2\/product_tag?post=106012"}],"curies":[{"name":"wp","href":"https:\/\/api.w.org\/{rel}","templated":true}]}}