{"id":106038,"date":"2026-01-20T11:53:27","date_gmt":"2026-01-20T10:53:27","guid":{"rendered":"https:\/\/konstelacije.hr\/?post_type=product&#038;p=106038"},"modified":"2026-03-11T19:56:04","modified_gmt":"2026-03-11T18:56:04","slug":"majka","status":"publish","type":"product","link":"https:\/\/konstelacije.hr\/en\/product\/majka\/","title":{"rendered":"Roots vikend seminar: Snaga, Primanje, Odgovornost, Svjesnost, Prekinuta povezanost (Majka)"},"content":{"rendered":"<div class=\"wpb-content-wrapper\"><section class=\"vc_row wpb_row vc_row-fluid\"><div class=\"wpb_column vc_column_container col-xs-mobile-fullwidth vc_col-sm-12\"><div class=\"vc_column-inner\"><div class=\"wpb_wrapper\"><video  autoplay muted controls playsinline class=\"hongo-html5-video\"><source type=\"video\/mp4\" src=\"https:\/\/konstelacije.hr\/majka-mp4\/\"><\/video><div class=\"vc_separator wpb_content_element vc_separator_align_center vc_sep_width_100 vc_sep_pos_align_center vc_separator_no_text vc_sep_color_white\" ><span class=\"vc_sep_holder vc_sep_holder_l\"><span class=\"vc_sep_line\"><\/span><\/span><span class=\"vc_sep_holder vc_sep_holder_r\"><span class=\"vc_sep_line\"><\/span><\/span>\n<\/div><div class=\"text-block-content hongo-text-block-1 last-paragraph-no-margin\"><h3 data-start=\"194\" data-end=\"297\"><strong data-start=\"108\" data-end=\"126\">Roots moduli (temelji)\u00a0<\/strong><\/h3>\n<p>Roots moduli (temelji) sastoje se od <strong>\u010detiri modula<\/strong>: <strong>Majka, Otac, Indvidulanost, Duhovna Dimenzija<\/strong>. Usmjereni su na osobni i sistemski rad te izgradnju stabilne unutarnje osnove. Predstavljaju preduvjet za daljnji razvoj i razumijevanje sistemskog pristupa, kao svojevrsni temeljni \u201erad na sebi\u201c.<\/p>\n<p>Moduli su <strong>samostalni i me\u0111usobno neovisni,<\/strong> mogu se poha\u0111ati u bilo kojem terminu u kojem su otvoreni i dostupni su svima, bez obzira na to planira li se edukacija ili isklju\u010divo osobni razvoj. Za uklju\u010divanje u obrazovni program potrebno je prethodno zavr\u0161iti sva \u010detiri Roots (temeljna) modula, kako bi se steklo bazno iskustvo osobnog i sistemskog rada nu\u017eno za daljnje obrazovanje.<\/p>\n<p><em>Ako ste ranije kod nas zavr\u0161ili bilo koji edukacijski program, nije potrebno prolaziti Roots module te mo\u017eete odmah krenuti na specijalizaciju.<\/em><\/p>\n<h3 data-start=\"1174\" data-end=\"1189\">Opis modula&#8221;Majka&#8221;<\/h3>\n<p data-start=\"1191\" data-end=\"1393\">Ovo je Hellingerova znanost. U modulu posve\u0107enoj majci, bavimo se <strong data-start=\"1215\" data-end=\"1256\">temeljnom ulogom majke u na\u0161em \u017eivotu i na\u0161em skladu s njom<\/strong>. Majka je izvor \u017eivota, uspjeha i snage njegovanja. Ona predstavlja ono bitno (mentalnu jasno\u0107u \u0161to je bitno a \u0161to nije), srce i jasno\u0107u svijesti, kao i <strong data-start=\"1369\" data-end=\"1392\">sposobnost primanja i davanja<\/strong>.<\/p>\n<p data-start=\"1395\" data-end=\"1583\">Fokus rada je na <strong data-start=\"1412\" data-end=\"1468\">laganom priznanju, razumijevanju i prihva\u0107anju majke<\/strong>, <strong>na \u017eivot u skladu sa sudbinom,<\/strong> povezivanju s majkom otvorenim srcem te priznavanju njezine uloge u oblikovanju na\u0161eg \u017eivota, snage i odgovornosti.<\/p>\n<hr data-start=\"1811\" data-end=\"1814\" \/>\n<h3 data-start=\"1816\" data-end=\"1832\">Klju\u010dne teme<\/h3>\n<ul>\n<li data-start=\"1836\" data-end=\"1874\">Majka: temelj, izvor, \u017eivot i uspjeh<\/li>\n<li data-start=\"1877\" data-end=\"1908\">Priznanje i prihva\u0107anje majke<\/li>\n<li data-start=\"1911\" data-end=\"1935\">Primanje i odgovornost<\/li>\n<li data-start=\"1938\" data-end=\"1977\">Prekinuta povezanost i njezin utjecaj<\/li>\n<li data-start=\"1980\" data-end=\"1997\">Odnos majka\u2013sin<\/li>\n<li data-start=\"2000\" data-end=\"2056\">\u201eJa sam k\u0107i svoje majke\u201c \u2013 potvrda mjesta i identiteta<\/li>\n<li data-start=\"2059\" data-end=\"2091\">Mentalna jasno\u0107a, srce i snaga<\/li>\n<\/ul>\n<hr data-start=\"2093\" data-end=\"2096\" \/>\n<h3 data-start=\"2098\" data-end=\"2164\">Osobne unutarnje vrijednosti koje se razvijaju kroz ovaj modul<\/h3>\n<p data-start=\"2166\" data-end=\"2261\">Pripadnost \u2022 Prihva\u0107anje \u2022 Povjerenje \u2022 Snaga \u2022 Jasno\u0107a \u2022 Suosje\u0107anje \u2022 Odgovornost \u2022 Identitet<\/p>\n<p data-start=\"2166\" data-end=\"2261\"><img data-recalc-dims=\"1\" loading=\"lazy\" decoding=\"async\" data-attachment-id=\"106052\" data-permalink=\"https:\/\/konstelacije.hr\/en\/?attachment_id=106052\" data-orig-file=\"https:\/\/i0.wp.com\/konstelacije.hr\/wp-content\/uploads\/2026\/01\/moja-majka.jpg?fit=3600%2C2533&amp;ssl=1\" data-orig-size=\"3600,2533\" data-comments-opened=\"0\" data-image-meta=\"{&quot;aperture&quot;:&quot;0&quot;,&quot;credit&quot;:&quot;&quot;,&quot;camera&quot;:&quot;&quot;,&quot;caption&quot;:&quot;&quot;,&quot;created_timestamp&quot;:&quot;0&quot;,&quot;copyright&quot;:&quot;&quot;,&quot;focal_length&quot;:&quot;0&quot;,&quot;iso&quot;:&quot;0&quot;,&quot;shutter_speed&quot;:&quot;0&quot;,&quot;title&quot;:&quot;&quot;,&quot;orientation&quot;:&quot;0&quot;}\" data-image-title=\"moja majka\" data-image-description=\"\" data-image-caption=\"\" data-large-file=\"https:\/\/i0.wp.com\/konstelacije.hr\/wp-content\/uploads\/2026\/01\/moja-majka.jpg?fit=1024%2C720&amp;ssl=1\" class=\"alignnone size-medium wp-image-106052\" src=\"https:\/\/i0.wp.com\/konstelacije.hr\/wp-content\/uploads\/2026\/01\/moja-majka.jpg?resize=300%2C211&#038;ssl=1\" alt=\"\" width=\"300\" height=\"211\" srcset=\"https:\/\/i0.wp.com\/konstelacije.hr\/wp-content\/uploads\/2026\/01\/moja-majka.jpg?resize=300%2C211&amp;ssl=1 300w, https:\/\/i0.wp.com\/konstelacije.hr\/wp-content\/uploads\/2026\/01\/moja-majka.jpg?resize=1024%2C720&amp;ssl=1 1024w, https:\/\/i0.wp.com\/konstelacije.hr\/wp-content\/uploads\/2026\/01\/moja-majka.jpg?resize=768%2C540&amp;ssl=1 768w, https:\/\/i0.wp.com\/konstelacije.hr\/wp-content\/uploads\/2026\/01\/moja-majka.jpg?resize=1536%2C1081&amp;ssl=1 1536w, https:\/\/i0.wp.com\/konstelacije.hr\/wp-content\/uploads\/2026\/01\/moja-majka.jpg?resize=2048%2C1441&amp;ssl=1 2048w, https:\/\/i0.wp.com\/konstelacije.hr\/wp-content\/uploads\/2026\/01\/moja-majka.jpg?resize=18%2C12&amp;ssl=1 18w, https:\/\/i0.wp.com\/konstelacije.hr\/wp-content\/uploads\/2026\/01\/moja-majka.jpg?resize=84%2C59&amp;ssl=1 84w, https:\/\/i0.wp.com\/konstelacije.hr\/wp-content\/uploads\/2026\/01\/moja-majka.jpg?resize=200%2C141&amp;ssl=1 200w, https:\/\/i0.wp.com\/konstelacije.hr\/wp-content\/uploads\/2026\/01\/moja-majka.jpg?resize=450%2C317&amp;ssl=1 450w, https:\/\/i0.wp.com\/konstelacije.hr\/wp-content\/uploads\/2026\/01\/moja-majka.jpg?resize=1123%2C790&amp;ssl=1 1123w, https:\/\/i0.wp.com\/konstelacije.hr\/wp-content\/uploads\/2026\/01\/moja-majka.jpg?resize=360%2C253&amp;ssl=1 360w, https:\/\/i0.wp.com\/konstelacije.hr\/wp-content\/uploads\/2026\/01\/moja-majka.jpg?resize=800%2C563&amp;ssl=1 800w, https:\/\/i0.wp.com\/konstelacije.hr\/wp-content\/uploads\/2026\/01\/moja-majka.jpg?w=3000&amp;ssl=1 3000w\" sizes=\"auto, (max-width: 300px) 100vw, 300px\" \/><img data-recalc-dims=\"1\" loading=\"lazy\" decoding=\"async\" data-attachment-id=\"106053\" data-permalink=\"https:\/\/konstelacije.hr\/en\/?attachment_id=106053\" data-orig-file=\"https:\/\/i0.wp.com\/konstelacije.hr\/wp-content\/uploads\/2026\/01\/moja-majka-1.jpg?fit=3600%2C2395&amp;ssl=1\" data-orig-size=\"3600,2395\" data-comments-opened=\"0\" data-image-meta=\"{&quot;aperture&quot;:&quot;0&quot;,&quot;credit&quot;:&quot;&quot;,&quot;camera&quot;:&quot;&quot;,&quot;caption&quot;:&quot;&quot;,&quot;created_timestamp&quot;:&quot;0&quot;,&quot;copyright&quot;:&quot;&quot;,&quot;focal_length&quot;:&quot;0&quot;,&quot;iso&quot;:&quot;0&quot;,&quot;shutter_speed&quot;:&quot;0&quot;,&quot;title&quot;:&quot;&quot;,&quot;orientation&quot;:&quot;0&quot;}\" data-image-title=\"moja majka 1\" data-image-description=\"\" data-image-caption=\"\" data-large-file=\"https:\/\/i0.wp.com\/konstelacije.hr\/wp-content\/uploads\/2026\/01\/moja-majka-1.jpg?fit=1024%2C681&amp;ssl=1\" class=\"alignnone size-medium wp-image-106053\" src=\"https:\/\/i0.wp.com\/konstelacije.hr\/wp-content\/uploads\/2026\/01\/moja-majka-1.jpg?resize=300%2C200&#038;ssl=1\" alt=\"\" width=\"300\" height=\"200\" srcset=\"https:\/\/i0.wp.com\/konstelacije.hr\/wp-content\/uploads\/2026\/01\/moja-majka-1.jpg?resize=300%2C200&amp;ssl=1 300w, https:\/\/i0.wp.com\/konstelacije.hr\/wp-content\/uploads\/2026\/01\/moja-majka-1.jpg?resize=1024%2C681&amp;ssl=1 1024w, https:\/\/i0.wp.com\/konstelacije.hr\/wp-content\/uploads\/2026\/01\/moja-majka-1.jpg?resize=768%2C511&amp;ssl=1 768w, https:\/\/i0.wp.com\/konstelacije.hr\/wp-content\/uploads\/2026\/01\/moja-majka-1.jpg?resize=1536%2C1022&amp;ssl=1 1536w, https:\/\/i0.wp.com\/konstelacije.hr\/wp-content\/uploads\/2026\/01\/moja-majka-1.jpg?resize=2048%2C1362&amp;ssl=1 2048w, https:\/\/i0.wp.com\/konstelacije.hr\/wp-content\/uploads\/2026\/01\/moja-majka-1.jpg?resize=18%2C12&amp;ssl=1 18w, https:\/\/i0.wp.com\/konstelacije.hr\/wp-content\/uploads\/2026\/01\/moja-majka-1.jpg?resize=84%2C56&amp;ssl=1 84w, https:\/\/i0.wp.com\/konstelacije.hr\/wp-content\/uploads\/2026\/01\/moja-majka-1.jpg?resize=200%2C133&amp;ssl=1 200w, https:\/\/i0.wp.com\/konstelacije.hr\/wp-content\/uploads\/2026\/01\/moja-majka-1.jpg?resize=450%2C299&amp;ssl=1 450w, https:\/\/i0.wp.com\/konstelacije.hr\/wp-content\/uploads\/2026\/01\/moja-majka-1.jpg?resize=1187%2C790&amp;ssl=1 1187w, https:\/\/i0.wp.com\/konstelacije.hr\/wp-content\/uploads\/2026\/01\/moja-majka-1.jpg?resize=360%2C240&amp;ssl=1 360w, https:\/\/i0.wp.com\/konstelacije.hr\/wp-content\/uploads\/2026\/01\/moja-majka-1.jpg?resize=800%2C532&amp;ssl=1 800w, https:\/\/i0.wp.com\/konstelacije.hr\/wp-content\/uploads\/2026\/01\/moja-majka-1.jpg?w=3000&amp;ssl=1 3000w\" sizes=\"auto, (max-width: 300px) 100vw, 300px\" \/><\/p>\n<\/div><\/div><\/div><\/div><\/section>\n<\/div>","protected":false},"excerpt":{"rendered":"<p data-start=\"194\" data-end=\"297\"><strong data-start=\"108\" data-end=\"126\">Roots moduli (temelji) <\/strong>sastoje se od <strong data-start=\"147\" data-end=\"173\">\u010detiri modula: Majka, Otac, Indvidulanost, Duhovna Dimenzija. <\/strong><\/p>\n<p data-start=\"194\" data-end=\"297\">U ovom modulu istra\u017eujemo <strong data-start=\"220\" data-end=\"259\">temeljnu ulogu majke u na\u0161em \u017eivotu<\/strong>. Svi moduli su <strong data-start=\"261\" data-end=\"280\">otvoreni za sve<\/strong>.<\/p>\n<p data-start=\"299\" data-end=\"428\"><strong data-start=\"299\" data-end=\"330\">Vrijednosti koje se stje\u010du po zavr\u0161etku modula:<\/strong><br data-start=\"330\" data-end=\"333\" \/>Pripadnost \u2022 Prihva\u0107anje \u2022 Povjerenje \u2022 Snaga \u2022 Jasno\u0107a \u2022 Suosje\u0107anje \u2022 Odgovornost \u2022 Identitet<\/p>\n<h3 data-start=\"435\" data-end=\"445\">Jezici<\/h3>\n<ul>\n<li data-start=\"449\" data-end=\"519\"><strong data-start=\"449\" data-end=\"461\">Hrvatski<\/strong> (materinji jezik voditeljice i slu\u017ebeni jezik seminara)<\/li>\n<li data-start=\"522\" data-end=\"651\"><strong data-start=\"522\" data-end=\"534\">Engleski<\/strong> (istovremeni prijevod sa sistemskom terminologijom, osiguran od strane educiranog prevoditelja za Hellinger Science)<\/li>\n<\/ul>\n<p data-start=\"435\" data-end=\"445\"><strong>Cijena po jednom vikend seminaru je 400 eura, mogu\u0107nost pla\u0107anja na dvije rate.<\/strong><\/p>\n<hr data-start=\"653\" data-end=\"656\" \/>\n<h3 data-start=\"658\" data-end=\"680\">Termini modula &#8220;Majka&#8221;<\/h3>\n<p>Moduli su dostupni u vi\u0161e termina*, mo\u017eete izabrati izme\u0111u ponu\u0111enih datuma:<\/p>\n<ul>\n<li><strong data-start=\"813\" data-end=\"832\">18.\u201319.04.<\/strong>, subota i nedjelja, 14:00\u201320:00<\/li>\n<li><strong data-start=\"869\" data-end=\"888\">06.\u201307.06.<\/strong>, subota i nedjelja, 14:00\u201320:00<\/li>\n<li><strong data-start=\"980\" data-end=\"998\">01.\u201302.08.<\/strong>, subota i nedjelja, 14:00\u201320:00<\/li>\n<li><strong data-start=\"1035\" data-end=\"1050\">05.\u201306.09.<\/strong>, subota i nedjelja, 14:00\u201320:00<\/li>\n<\/ul>\n<p><em data-start=\"681\" data-end=\"753\">*(online putem Zooma \u00b7 vremenska zona: CET \/ UTC +1\u00a0 Rijeka, Hrvatska) \ud83c\udf0d Molimo provjerite to\u010dno vrijeme u svojoj lokaciji u skladu s vremenskom zonom.<\/em><\/p>","protected":false},"featured_media":106050,"comment_status":"open","ping_status":"closed","template":"","meta":{"_crdt_document":"","_EventAllDay":false,"_EventTimezone":"","_EventStartDate":"","_EventEndDate":"","_EventStartDateUTC":"","_EventEndDateUTC":"","_EventShowMap":false,"_EventShowMapLink":false,"_EventURL":"","_EventCost":"","_EventCostDescription":"","_EventCurrencySymbol":"","_EventCurrencyCode":"","_EventCurrencyPosition":"","_EventDateTimeSeparator":"","_EventTimeRangeSeparator":"","_EventOrganizerID":[],"_EventVenueID":[],"_OrganizerEmail":"","_OrganizerPhone":"","_OrganizerWebsite":"","_VenueAddress":"","_VenueCity":"","_VenueCountry":"","_VenueProvince":"","_VenueState":"","_VenueZip":"","_VenuePhone":"","_VenueURL":"","_VenueStateProvince":"","_VenueLat":"","_VenueLng":"","_VenueShowMap":false,"_VenueShowMapLink":false,"jetpack_publicize_message":"","jetpack_publicize_feature_enabled":true,"jetpack_social_post_already_shared":true,"jetpack_social_options":{"image_generator_settings":{"template":"highway","default_image_id":0,"font":"","enabled":false},"version":2},"_wpas_customize_per_network":false},"product_cat":[1609,1628,1629],"product_tag":[],"class_list":{"0":"post-106038","1":"product","2":"type-product","3":"status-publish","4":"has-post-thumbnail","6":"product_brand-ivana","7":"product_cat-edukacija","8":"product_cat-moduli","9":"product_cat-vikend-seminari-online","11":"first","12":"instock","13":"featured","14":"virtual","15":"purchasable","16":"product-type-simple"},"exclude_global_add_ons":false,"addons":[{"name":"IZABREITE DATUM MODULA","type":"multiple_choice","position":0,"required":true,"title_format":"label","default":"","description_enable":false,"description":"","placeholder_enable":false,"placeholder":"","display":"select","restrictions_type":"any_text","adjust_price":false,"price":"","price_type":"flat_fee","restrictions":false,"min":"0","max":"0","options":[{"label":"18.\u201319.04.","price":"","price_type":"flat_fee","image":0,"visibility":true},{"label":"27.\u201328.06.","price":"","price_type":"flat_fee","image":0,"visibility":true},{"label":"01.\u201302.08.","price":"","price_type":"flat_fee","image":0,"visibility":true},{"label":"05.\u201306.09.","price":"","price_type":"flat_fee","image":0,"visibility":true}],"id":1768914150},{"name":"CIJENA I NA\u010cIN PLA\u0106ANJA","type":"multiple_choice","position":1,"required":true,"title_format":"label","default":"","description_enable":false,"description":"","placeholder_enable":false,"placeholder":"","display":"select","restrictions_type":"any_text","adjust_price":false,"price":"","price_type":"flat_fee","restrictions":false,"min":"0","max":"0","options":[{"label":"Ukupna cijena","price":"400","price_type":"flat_fee","image":0,"visibility":true},{"label":"2 rate (prva uplata pri prijavi, druga prije po\u010detka seminara)","price":"200","price_type":"flat_fee","image":0,"visibility":true}],"id":1768914582}],"yoast_head":"<!-- This site is optimized with the Yoast SEO Premium plugin v25.0 (Yoast SEO v27.4) - https:\/\/yoast.com\/product\/yoast-seo-premium-wordpress\/ -->\n<title>Roots vikend seminar: Snaga, Primanje, Odgovornost, Svjesnost, Prekinuta povezanost (Majka) - konstelacije.hr<\/title>\n<meta name=\"description\" content=\"Online modul o ulozi majke, primanju i odgovornosti. Sistemski rad na prekinutoj povezanosti, identitetu i unutarnjoj snazi.\" \/>\n<meta name=\"robots\" content=\"index, follow, max-snippet:-1, max-image-preview:large, max-video-preview:-1\" \/>\n<link rel=\"canonical\" href=\"https:\/\/konstelacije.hr\/en\/product\/majka\/\" \/>\n<meta property=\"og:locale\" content=\"en_US\" \/>\n<meta property=\"og:type\" content=\"article\" \/>\n<meta property=\"og:title\" content=\"Roots vikend seminar: Snaga, Primanje, Odgovornost, Svjesnost, Prekinuta povezanost (Majka)\" \/>\n<meta property=\"og:description\" content=\"Online modul o ulozi majke, primanju i odgovornosti. Sistemski rad na prekinutoj povezanosti, identitetu i unutarnjoj snazi.\" \/>\n<meta property=\"og:url\" content=\"https:\/\/konstelacije.hr\/en\/product\/majka\/\" \/>\n<meta property=\"og:site_name\" content=\"konstelacije.hr\" \/>\n<meta property=\"article:publisher\" content=\"https:\/\/www.facebook.com\/ivanaoreskikonstelator\" \/>\n<meta property=\"article:modified_time\" content=\"2026-03-11T18:56:04+00:00\" \/>\n<meta property=\"og:image\" content=\"https:\/\/konstelacije.hr\/wp-content\/uploads\/2026\/01\/majka-konstelacije-hr.png\" \/>\n\t<meta property=\"og:image:width\" content=\"1080\" \/>\n\t<meta property=\"og:image:height\" content=\"1080\" \/>\n\t<meta property=\"og:image:type\" content=\"image\/png\" \/>\n<meta name=\"twitter:card\" content=\"summary_large_image\" \/>\n<meta name=\"twitter:label1\" content=\"Est. reading time\" \/>\n\t<meta name=\"twitter:data1\" content=\"3 minutes\" \/>\n<script type=\"application\/ld+json\" class=\"yoast-schema-graph\">{\"@context\":\"https:\\\/\\\/schema.org\",\"@graph\":[{\"@type\":\"WebPage\",\"@id\":\"https:\\\/\\\/konstelacije.hr\\\/product\\\/majka\\\/\",\"url\":\"https:\\\/\\\/konstelacije.hr\\\/product\\\/majka\\\/\",\"name\":\"Roots vikend seminar: Snaga, Primanje, Odgovornost, Svjesnost, Prekinuta povezanost (Majka) - konstelacije.hr\",\"isPartOf\":{\"@id\":\"https:\\\/\\\/konstelacije.hr\\\/#website\"},\"primaryImageOfPage\":{\"@id\":\"https:\\\/\\\/konstelacije.hr\\\/product\\\/majka\\\/#primaryimage\"},\"image\":{\"@id\":\"https:\\\/\\\/konstelacije.hr\\\/product\\\/majka\\\/#primaryimage\"},\"thumbnailUrl\":\"https:\\\/\\\/i0.wp.com\\\/konstelacije.hr\\\/wp-content\\\/uploads\\\/2026\\\/01\\\/majka-konstelacije-hr.png?fit=1080%2C1080&ssl=1\",\"datePublished\":\"2026-01-20T10:53:27+00:00\",\"dateModified\":\"2026-03-11T18:56:04+00:00\",\"description\":\"Online modul o ulozi majke, primanju i odgovornosti. Sistemski rad na prekinutoj povezanosti, identitetu i unutarnjoj snazi.\",\"breadcrumb\":{\"@id\":\"https:\\\/\\\/konstelacije.hr\\\/product\\\/majka\\\/#breadcrumb\"},\"inLanguage\":\"en-US\",\"potentialAction\":[{\"@type\":\"ReadAction\",\"target\":[\"https:\\\/\\\/konstelacije.hr\\\/product\\\/majka\\\/\"]}]},{\"@type\":\"ImageObject\",\"inLanguage\":\"en-US\",\"@id\":\"https:\\\/\\\/konstelacije.hr\\\/product\\\/majka\\\/#primaryimage\",\"url\":\"https:\\\/\\\/i0.wp.com\\\/konstelacije.hr\\\/wp-content\\\/uploads\\\/2026\\\/01\\\/majka-konstelacije-hr.png?fit=1080%2C1080&ssl=1\",\"contentUrl\":\"https:\\\/\\\/i0.wp.com\\\/konstelacije.hr\\\/wp-content\\\/uploads\\\/2026\\\/01\\\/majka-konstelacije-hr.png?fit=1080%2C1080&ssl=1\",\"width\":1080,\"height\":1080},{\"@type\":\"BreadcrumbList\",\"@id\":\"https:\\\/\\\/konstelacije.hr\\\/product\\\/majka\\\/#breadcrumb\",\"itemListElement\":[{\"@type\":\"ListItem\",\"position\":1,\"name\":\"Po\u010detna stranica\",\"item\":\"https:\\\/\\\/konstelacije.hr\\\/\"},{\"@type\":\"ListItem\",\"position\":2,\"name\":\"Sve usluge\",\"item\":\"https:\\\/\\\/konstelacije.hr\\\/shop\\\/\"},{\"@type\":\"ListItem\",\"position\":3,\"name\":\"Roots vikend seminar: Snaga, Primanje, Odgovornost, Svjesnost, Prekinuta povezanost (Majka)\"}]},{\"@type\":\"WebSite\",\"@id\":\"https:\\\/\\\/konstelacije.hr\\\/#website\",\"url\":\"https:\\\/\\\/konstelacije.hr\\\/\",\"name\":\"konstelacije.hr\",\"description\":\"Znanost sistemskih konstelacija prema Bertu Hellingeru.\",\"publisher\":{\"@id\":\"https:\\\/\\\/konstelacije.hr\\\/#organization\"},\"alternateName\":\"www.konstelacije.hr\",\"potentialAction\":[{\"@type\":\"SearchAction\",\"target\":{\"@type\":\"EntryPoint\",\"urlTemplate\":\"https:\\\/\\\/konstelacije.hr\\\/?s={search_term_string}\"},\"query-input\":{\"@type\":\"PropertyValueSpecification\",\"valueRequired\":true,\"valueName\":\"search_term_string\"}}],\"inLanguage\":\"en-US\"},{\"@type\":\"Organization\",\"@id\":\"https:\\\/\\\/konstelacije.hr\\\/#organization\",\"name\":\"Znanost sistemskog rada, vl. Ivana Ore\u0161ki\",\"alternateName\":\"Znanost sistemskog rada\",\"url\":\"https:\\\/\\\/konstelacije.hr\\\/\",\"logo\":{\"@type\":\"ImageObject\",\"inLanguage\":\"en-US\",\"@id\":\"https:\\\/\\\/konstelacije.hr\\\/#\\\/schema\\\/logo\\\/image\\\/\",\"url\":\"https:\\\/\\\/konstelacije.hr\\\/wp-content\\\/uploads\\\/2024\\\/01\\\/konstelacije.hr-1.png\",\"contentUrl\":\"https:\\\/\\\/konstelacije.hr\\\/wp-content\\\/uploads\\\/2024\\\/01\\\/konstelacije.hr-1.png\",\"width\":120,\"height\":40,\"caption\":\"Znanost sistemskog rada, vl. Ivana Ore\u0161ki\"},\"image\":{\"@id\":\"https:\\\/\\\/konstelacije.hr\\\/#\\\/schema\\\/logo\\\/image\\\/\"},\"sameAs\":[\"https:\\\/\\\/www.facebook.com\\\/ivanaoreskikonstelator\"]}]}<\/script>\n<!-- \/ Yoast SEO Premium plugin. -->","yoast_head_json":{"title":"Roots vikend seminar: Snaga, Primanje, Odgovornost, Svjesnost, Prekinuta povezanost (Majka) - konstelacije.hr","description":"Online modul o ulozi majke, primanju i odgovornosti. Sistemski rad na prekinutoj povezanosti, identitetu i unutarnjoj snazi.","robots":{"index":"index","follow":"follow","max-snippet":"max-snippet:-1","max-image-preview":"max-image-preview:large","max-video-preview":"max-video-preview:-1"},"canonical":"https:\/\/konstelacije.hr\/en\/product\/majka\/","og_locale":"en_US","og_type":"article","og_title":"Roots vikend seminar: Snaga, Primanje, Odgovornost, Svjesnost, Prekinuta povezanost (Majka)","og_description":"Online modul o ulozi majke, primanju i odgovornosti. Sistemski rad na prekinutoj povezanosti, identitetu i unutarnjoj snazi.","og_url":"https:\/\/konstelacije.hr\/en\/product\/majka\/","og_site_name":"konstelacije.hr","article_publisher":"https:\/\/www.facebook.com\/ivanaoreskikonstelator","article_modified_time":"2026-03-11T18:56:04+00:00","og_image":[{"width":1080,"height":1080,"url":"https:\/\/konstelacije.hr\/wp-content\/uploads\/2026\/01\/majka-konstelacije-hr.png","type":"image\/png"}],"twitter_card":"summary_large_image","twitter_misc":{"Est. reading time":"3 minutes"},"schema":{"@context":"https:\/\/schema.org","@graph":[{"@type":"WebPage","@id":"https:\/\/konstelacije.hr\/product\/majka\/","url":"https:\/\/konstelacije.hr\/product\/majka\/","name":"Roots vikend seminar: Snaga, Primanje, Odgovornost, Svjesnost, Prekinuta povezanost (Majka) - konstelacije.hr","isPartOf":{"@id":"https:\/\/konstelacije.hr\/#website"},"primaryImageOfPage":{"@id":"https:\/\/konstelacije.hr\/product\/majka\/#primaryimage"},"image":{"@id":"https:\/\/konstelacije.hr\/product\/majka\/#primaryimage"},"thumbnailUrl":"https:\/\/i0.wp.com\/konstelacije.hr\/wp-content\/uploads\/2026\/01\/majka-konstelacije-hr.png?fit=1080%2C1080&ssl=1","datePublished":"2026-01-20T10:53:27+00:00","dateModified":"2026-03-11T18:56:04+00:00","description":"Online modul o ulozi majke, primanju i odgovornosti. Sistemski rad na prekinutoj povezanosti, identitetu i unutarnjoj snazi.","breadcrumb":{"@id":"https:\/\/konstelacije.hr\/product\/majka\/#breadcrumb"},"inLanguage":"en-US","potentialAction":[{"@type":"ReadAction","target":["https:\/\/konstelacije.hr\/product\/majka\/"]}]},{"@type":"ImageObject","inLanguage":"en-US","@id":"https:\/\/konstelacije.hr\/product\/majka\/#primaryimage","url":"https:\/\/i0.wp.com\/konstelacije.hr\/wp-content\/uploads\/2026\/01\/majka-konstelacije-hr.png?fit=1080%2C1080&ssl=1","contentUrl":"https:\/\/i0.wp.com\/konstelacije.hr\/wp-content\/uploads\/2026\/01\/majka-konstelacije-hr.png?fit=1080%2C1080&ssl=1","width":1080,"height":1080},{"@type":"BreadcrumbList","@id":"https:\/\/konstelacije.hr\/product\/majka\/#breadcrumb","itemListElement":[{"@type":"ListItem","position":1,"name":"Po\u010detna stranica","item":"https:\/\/konstelacije.hr\/"},{"@type":"ListItem","position":2,"name":"Sve usluge","item":"https:\/\/konstelacije.hr\/shop\/"},{"@type":"ListItem","position":3,"name":"Roots vikend seminar: Snaga, Primanje, Odgovornost, Svjesnost, Prekinuta povezanost (Majka)"}]},{"@type":"WebSite","@id":"https:\/\/konstelacije.hr\/#website","url":"https:\/\/konstelacije.hr\/","name":"konstelacije.hr","description":"Znanost sistemskih konstelacija prema Bertu Hellingeru.","publisher":{"@id":"https:\/\/konstelacije.hr\/#organization"},"alternateName":"www.konstelacije.hr","potentialAction":[{"@type":"SearchAction","target":{"@type":"EntryPoint","urlTemplate":"https:\/\/konstelacije.hr\/?s={search_term_string}"},"query-input":{"@type":"PropertyValueSpecification","valueRequired":true,"valueName":"search_term_string"}}],"inLanguage":"en-US"},{"@type":"Organization","@id":"https:\/\/konstelacije.hr\/#organization","name":"Stellar.icu","alternateName":"Znanost sistemskog rada","url":"https:\/\/konstelacije.hr\/","logo":{"@type":"ImageObject","inLanguage":"en-US","@id":"https:\/\/konstelacije.hr\/#\/schema\/logo\/image\/","url":"https:\/\/konstelacije.hr\/wp-content\/uploads\/2024\/01\/konstelacije.hr-1.png","contentUrl":"https:\/\/konstelacije.hr\/wp-content\/uploads\/2024\/01\/konstelacije.hr-1.png","width":120,"height":40,"caption":"Znanost sistemskog rada, vl. Ivana Ore\u0161ki"},"image":{"@id":"https:\/\/konstelacije.hr\/#\/schema\/logo\/image\/"},"sameAs":["https:\/\/www.facebook.com\/ivanaoreskikonstelator"]}]}},"jetpack_publicize_connections":[],"jetpack_sharing_enabled":true,"jetpack_likes_enabled":true,"_links":{"self":[{"href":"https:\/\/konstelacije.hr\/en\/wp-json\/wp\/v2\/product\/106038","targetHints":{"allow":["GET"]}}],"collection":[{"href":"https:\/\/konstelacije.hr\/en\/wp-json\/wp\/v2\/product"}],"about":[{"href":"https:\/\/konstelacije.hr\/en\/wp-json\/wp\/v2\/types\/product"}],"replies":[{"embeddable":true,"href":"https:\/\/konstelacije.hr\/en\/wp-json\/wp\/v2\/comments?post=106038"}],"wp:featuredmedia":[{"embeddable":true,"href":"https:\/\/konstelacije.hr\/en\/wp-json\/wp\/v2\/media\/106050"}],"wp:attachment":[{"href":"https:\/\/konstelacije.hr\/en\/wp-json\/wp\/v2\/media?parent=106038"}],"wp:term":[{"taxonomy":"product_cat","embeddable":true,"href":"https:\/\/konstelacije.hr\/en\/wp-json\/wp\/v2\/product_cat?post=106038"},{"taxonomy":"product_tag","embeddable":true,"href":"https:\/\/konstelacije.hr\/en\/wp-json\/wp\/v2\/product_tag?post=106038"}],"curies":[{"name":"wp","href":"https:\/\/api.w.org\/{rel}","templated":true}]}}