{"id":106055,"date":"2026-01-20T13:16:31","date_gmt":"2026-01-20T12:16:31","guid":{"rendered":"https:\/\/konstelacije.hr\/?post_type=product&#038;p=106055"},"modified":"2026-03-11T19:29:33","modified_gmt":"2026-03-11T18:29:33","slug":"otac","status":"publish","type":"product","link":"https:\/\/konstelacije.hr\/en\/product\/otac\/","title":{"rendered":"Roots vikend seminar: Profesija, novac i poslovni sistemi \u2013 Pitanja i odgovori (Otac)"},"content":{"rendered":"<div class=\"wpb-content-wrapper\"><section class=\"vc_row wpb_row vc_row-fluid\"><div class=\"wpb_column vc_column_container col-xs-mobile-fullwidth vc_col-sm-12\"><div class=\"vc_column-inner\"><div class=\"wpb_wrapper\"><video  autoplay muted controls playsinline class=\"hongo-html5-video\"><source type=\"video\/mp4\" src=\"https:\/\/videos.files.wordpress.com\/YnclvsyO\/otac.mp4\"><\/video><\/div><\/div><\/div><\/section><section class=\"vc_row wpb_row vc_row-fluid\"><div class=\"wpb_column vc_column_container col-xs-mobile-fullwidth vc_col-sm-12\"><div class=\"vc_column-inner\"><div class=\"wpb_wrapper\"><div class=\"vc_separator wpb_content_element vc_separator_align_center vc_sep_width_100 vc_sep_pos_align_center vc_separator_no_text vc_sep_color_white\" ><span class=\"vc_sep_holder vc_sep_holder_l\"><span class=\"vc_sep_line\"><\/span><\/span><span class=\"vc_sep_holder vc_sep_holder_r\"><span class=\"vc_sep_line\"><\/span><\/span>\n<\/div><div class=\"text-block-content hongo-text-block-1 last-paragraph-no-margin\"><h3 data-start=\"194\" data-end=\"297\"><strong data-start=\"108\" data-end=\"126\">Roots moduli (temelji)\u00a0<\/strong><\/h3>\n<p>Roots moduli (temelji) sastoje se od\u00a0<strong>\u010detiri modula<\/strong>:\u00a0<strong>Majka, Otac, Indvidulanost, Duhovna Dimenzija<\/strong>. Usmjereni su na osobni i sistemski rad te izgradnju stabilne unutarnje osnove. Predstavljaju preduvjet za daljnji razvoj i razumijevanje sistemskog pristupa, kao svojevrsni temeljni \u201erad na sebi\u201c.<\/p>\n<p>Moduli su\u00a0<strong>samostalni i me\u0111usobno neovisni,<\/strong>\u00a0mogu se poha\u0111ati u bilo kojem terminu u kojem su otvoreni i dostupni su svima, bez obzira na to planira li se edukacija ili isklju\u010divo osobni razvoj. Za uklju\u010divanje u obrazovni program potrebno je prethodno zavr\u0161iti sva \u010detiri Roots (temeljna) modula, kako bi se steklo bazno iskustvo osobnog i sistemskog rada nu\u017eno za daljnje obrazovanje.<\/p>\n<p><em>Ako ste ranije kod nas zavr\u0161ili bilo koji edukacijski program, nije potrebno prolaziti Roots module te mo\u017eete odmah krenuti na specijalizaciju.<\/em><\/p>\n<h3 data-start=\"1174\" data-end=\"1189\">Opis modula &#8220;Otac&#8221;<\/h3>\n<p data-start=\"1191\" data-end=\"1393\">Ovo je Hellingerova znanost. Vikend seminar posve\u0107en ocu namijenjen je <strong>apsolutno svim profesijama, tipovima poslovanja i pozicijama, kao i <\/strong><strong data-start=\"813\" data-end=\"901\">budu\u0107im prakti\u010darima sistemskih konstelacija, po\u010detnicima i iskusnim profesionalcima<\/strong> \u2013 voditeljima, terapeutima, lije\u010dnicima, nastavnicima, edukatorima, sucima, poduzetnicima te svim drugim stru\u010dnjacima \u2013 koji \u017eele <strong data-start=\"1045\" data-end=\"1077\">produbiti svoje kompetencije<\/strong>, unijeti <strong data-start=\"1087\" data-end=\"1145\">vi\u0161e jasno\u0107e, transparentnosti i uvida u rje\u0161enja poslovnih sistema<\/strong>, oja\u010dati svoju prisutnost, usmjeriti se prema uspjehu, razumjeti proces transformacije te ste\u0107i sigurnost u vo\u0111enju slo\u017eenih procesa i dono\u0161enju odluka.<\/p>\n<p data-start=\"1300\" data-end=\"1361\">Program vas osna\u017euje kao profesionalca u va\u0161em podru\u010dju kroz:<\/p>\n<ul>\n<li data-start=\"1365\" data-end=\"1404\">va\u0161a individualna rje\u0161enja<\/li>\n<li data-start=\"1365\" data-end=\"1404\">sistemsku perspektivu i razumijevanje<\/li>\n<li data-start=\"1407\" data-end=\"1472\">ve\u0107u \u0161irinu pogleda, jasno\u0107u, transparentnost i lucidnost uvida<\/li>\n<li data-start=\"1475\" data-end=\"1515\">preciznije i o\u0161trije znanje i vje\u0161tine<\/li>\n<li data-start=\"1518\" data-end=\"1587\">putove prema uspjehu (vi\u0161e klijenata, prihoda, prilika i rezultata)<\/li>\n<li data-start=\"1590\" data-end=\"1622\">jasno i &#8220;dobro&#8221; usmjerenje i dono\u0161enje odluka<\/li>\n<\/ul>\n<p data-start=\"1624\" data-end=\"1792\">Imat \u0107ete priliku postaviti <strong data-start=\"1652\" data-end=\"1687\">konkretna profesionalna pitanja<\/strong> i primiti <strong data-start=\"1698\" data-end=\"1763\">jasne, sistemske uvide i odgovore koji se pojavljuju iz polja<\/strong>. Do\u0111ite takvi kakvi jeste.<\/p>\n<\/div><\/div><\/div><\/div><\/section>\n<\/div>","protected":false},"excerpt":{"rendered":"<p data-start=\"194\" data-end=\"297\"><strong data-start=\"108\" data-end=\"126\">Roots moduli (temelji)\u00a0<\/strong>sastoje se od\u00a0<strong data-start=\"147\" data-end=\"173\">\u010detiri modula: Majka, Otac, Indvidulanost, Duhovna Dimenzija.<\/strong><\/p>\n<p data-start=\"194\" data-end=\"297\">U ovom modulu istra\u017eujemo <strong data-start=\"220\" data-end=\"259\">temeljnu ulogu oca u na\u0161em \u017eivotu<\/strong>. Svi moduli su <strong data-start=\"277\" data-end=\"296\">otvoreni za sve<\/strong>.<\/p>\n<p data-start=\"299\" data-end=\"428\"><strong data-start=\"299\" data-end=\"330\">Vrijednosti koje se stje\u010du po zavr\u0161etku modula:<\/strong><br data-start=\"330\" data-end=\"333\" \/>Pru\u017eanje otpora i otpornost \u2022 Pozitivan novac \u2022 Rast \u2022 Dugoro\u010dnost \u2022 Snaga \u2022 Jasno\u0107a \u2022 Stabilnost \u2022 Odgovornost \u2022 Identitet<\/p>\n<h3 data-start=\"435\" data-end=\"445\">Jezici<\/h3>\n<ul>\n<li data-start=\"449\" data-end=\"519\"><strong data-start=\"449\" data-end=\"461\">Hrvatski<\/strong> (materinji jezik voditeljice i slu\u017ebeni jezik seminara)<\/li>\n<li data-start=\"522\" data-end=\"651\"><strong data-start=\"522\" data-end=\"534\">Engleski<\/strong> (istovremeni prijevod sa sistemskom terminologijom, osiguran od strane educiranog prevoditelja za Hellinger Science)<\/li>\n<\/ul>\n<p data-start=\"435\" data-end=\"445\"><strong>Cijena po jednom vikend seminaru je 400 eura, mogu\u0107nost pla\u0107anja na dvije rate.<\/strong><\/p>\n<hr data-start=\"653\" data-end=\"656\" \/>\n<h3 data-start=\"658\" data-end=\"680\">Termini modula &#8220;Otac&#8221;<\/h3>\n<p data-start=\"681\" data-end=\"753\"><em data-start=\"681\" data-end=\"753\">Moduli su dostupni u vi\u0161e termina*, mo\u017eete izabrati izme\u0111u ponu\u0111enih datuma:<\/em><\/p>\n<ul>\n<li><strong data-start=\"54\" data-end=\"73\">28.\u201329.03.<\/strong>, subota i nedjelja, 14:00\u201320:00<\/li>\n<li data-start=\"110\" data-end=\"162\"><strong data-start=\"110\" data-end=\"128\">02.\u201303.05.<\/strong>, subota i nedjelja, 14:00\u201320:00<\/li>\n<li data-start=\"165\" data-end=\"217\"><strong data-start=\"165\" data-end=\"183\">13.\u201314.06.<\/strong>, subota i nedjelja, 14:00\u201320:00<\/li>\n<li data-start=\"220\" data-end=\"274\"><strong>29.\u201330.08.<\/strong>, subota i nedjelja, 14:00\u201320:00<\/li>\n<li data-start=\"220\" data-end=\"274\"><strong>03.\u201304.10.,<\/strong> subota i nedjelja, 14:00\u201320:00<\/li>\n<\/ul>\n<p><em data-start=\"681\" data-end=\"753\">*(online putem Zooma \u00b7 vremenska zona: CET \/ UTC +1\u00a0 Rijeka, Hrvatska) \ud83c\udf0d Molimo provjerite to\u010dno vrijeme u svojoj lokaciji u skladu s vremenskom zonom.<\/em><\/p>","protected":false},"featured_media":106056,"comment_status":"open","ping_status":"closed","template":"","meta":{"_crdt_document":"","_EventAllDay":false,"_EventTimezone":"","_EventStartDate":"","_EventEndDate":"","_EventStartDateUTC":"","_EventEndDateUTC":"","_EventShowMap":false,"_EventShowMapLink":false,"_EventURL":"","_EventCost":"","_EventCostDescription":"","_EventCurrencySymbol":"","_EventCurrencyCode":"","_EventCurrencyPosition":"","_EventDateTimeSeparator":"","_EventTimeRangeSeparator":"","_EventOrganizerID":[],"_EventVenueID":[],"_OrganizerEmail":"","_OrganizerPhone":"","_OrganizerWebsite":"","_VenueAddress":"","_VenueCity":"","_VenueCountry":"","_VenueProvince":"","_VenueState":"","_VenueZip":"","_VenuePhone":"","_VenueURL":"","_VenueStateProvince":"","_VenueLat":"","_VenueLng":"","_VenueShowMap":false,"_VenueShowMapLink":false,"jetpack_publicize_message":"","jetpack_publicize_feature_enabled":true,"jetpack_social_post_already_shared":true,"jetpack_social_options":{"image_generator_settings":{"template":"highway","default_image_id":0,"font":"","enabled":false},"version":2},"_wpas_customize_per_network":false},"product_cat":[1609,1628,1629],"product_tag":[],"class_list":{"0":"post-106055","1":"product","2":"type-product","3":"status-publish","4":"has-post-thumbnail","6":"product_brand-ivana","7":"product_cat-edukacija","8":"product_cat-moduli","9":"product_cat-vikend-seminari-online","11":"first","12":"instock","13":"featured","14":"virtual","15":"purchasable","16":"product-type-simple"},"exclude_global_add_ons":false,"addons":[{"name":"IZABREITE DATUM MODULA","type":"multiple_choice","position":0,"required":true,"title_format":"label","default":"","description_enable":false,"description":"","placeholder_enable":false,"placeholder":"","display":"select","restrictions_type":"any_text","adjust_price":false,"price":"","price_type":"flat_fee","restrictions":false,"min":"0","max":"0","options":[{"label":"28.\u201329.03.","price":"","price_type":"flat_fee","image":0,"visibility":true},{"label":"02.\u201303.05.","price":"","price_type":"flat_fee","image":0,"visibility":true},{"label":"13.\u201314.06.","price":"","price_type":"flat_fee","image":0,"visibility":true},{"label":"29.\u201330.08.","price":"","price_type":"flat_fee","image":0,"visibility":true},{"label":"03.\u201304.10.","price":"","price_type":"flat_fee","image":0,"visibility":true}],"id":1768914150},{"name":"CIJENA I NA\u010cIN PLA\u0106ANJA","type":"multiple_choice","position":1,"required":true,"title_format":"label","default":"","description_enable":false,"description":"","placeholder_enable":false,"placeholder":"","display":"select","restrictions_type":"any_text","adjust_price":false,"price":"","price_type":"flat_fee","restrictions":false,"min":"0","max":"0","options":[{"label":"Ukupna cijena","price":"400","price_type":"flat_fee","image":0,"visibility":true},{"label":"2 rate (prva uplata pri prijavi, druga prije po\u010detka seminara)","price":"200","price_type":"flat_fee","image":0,"visibility":true}],"id":1768914582}],"yoast_head":"<!-- This site is optimized with the Yoast SEO Premium plugin v25.0 (Yoast SEO v27.4) - https:\/\/yoast.com\/product\/yoast-seo-premium-wordpress\/ -->\n<title>Roots vikend seminar: Profesija, novac i poslovni sistemi \u2013 Pitanja i odgovori (Otac) - konstelacije.hr<\/title>\n<meta name=\"description\" content=\"Online modul o ulozi oca, poslovanju i odgovornosti. Sistemski rad na poslovnim pitanjima, novcu, profesiji i karijeri. Otvoreno za sve.\" \/>\n<meta name=\"robots\" content=\"index, follow, max-snippet:-1, max-image-preview:large, max-video-preview:-1\" \/>\n<link rel=\"canonical\" href=\"https:\/\/konstelacije.hr\/en\/product\/otac\/\" \/>\n<meta property=\"og:locale\" content=\"en_US\" \/>\n<meta property=\"og:type\" content=\"article\" \/>\n<meta property=\"og:title\" content=\"Roots vikend seminar: Profesija, novac i poslovni sistemi \u2013 Pitanja i odgovori (Otac)\" \/>\n<meta property=\"og:description\" content=\"Online modul o ulozi oca, poslovanju i odgovornosti. Sistemski rad na poslovnim pitanjima, novcu, profesiji i karijeri. Otvoreno za sve.\" \/>\n<meta property=\"og:url\" content=\"https:\/\/konstelacije.hr\/en\/product\/otac\/\" \/>\n<meta property=\"og:site_name\" content=\"konstelacije.hr\" \/>\n<meta property=\"article:publisher\" content=\"https:\/\/www.facebook.com\/ivanaoreskikonstelator\" \/>\n<meta property=\"article:modified_time\" content=\"2026-03-11T18:29:33+00:00\" \/>\n<meta property=\"og:image\" content=\"https:\/\/konstelacije.hr\/wp-content\/uploads\/2026\/01\/otac-konstelacije-hr-1.png\" \/>\n\t<meta property=\"og:image:width\" content=\"1080\" \/>\n\t<meta property=\"og:image:height\" content=\"1080\" \/>\n\t<meta property=\"og:image:type\" content=\"image\/png\" \/>\n<meta name=\"twitter:card\" content=\"summary_large_image\" \/>\n<meta name=\"twitter:label1\" content=\"Est. reading time\" \/>\n\t<meta name=\"twitter:data1\" content=\"2 minutes\" \/>\n<script type=\"application\/ld+json\" class=\"yoast-schema-graph\">{\"@context\":\"https:\\\/\\\/schema.org\",\"@graph\":[{\"@type\":\"WebPage\",\"@id\":\"https:\\\/\\\/konstelacije.hr\\\/product\\\/otac\\\/\",\"url\":\"https:\\\/\\\/konstelacije.hr\\\/product\\\/otac\\\/\",\"name\":\"Roots vikend seminar: Profesija, novac i poslovni sistemi \u2013 Pitanja i odgovori (Otac) - konstelacije.hr\",\"isPartOf\":{\"@id\":\"https:\\\/\\\/konstelacije.hr\\\/#website\"},\"primaryImageOfPage\":{\"@id\":\"https:\\\/\\\/konstelacije.hr\\\/product\\\/otac\\\/#primaryimage\"},\"image\":{\"@id\":\"https:\\\/\\\/konstelacije.hr\\\/product\\\/otac\\\/#primaryimage\"},\"thumbnailUrl\":\"https:\\\/\\\/i0.wp.com\\\/konstelacije.hr\\\/wp-content\\\/uploads\\\/2026\\\/01\\\/otac-konstelacije-hr-1.png?fit=1080%2C1080&ssl=1\",\"datePublished\":\"2026-01-20T12:16:31+00:00\",\"dateModified\":\"2026-03-11T18:29:33+00:00\",\"description\":\"Online modul o ulozi oca, poslovanju i odgovornosti. Sistemski rad na poslovnim pitanjima, novcu, profesiji i karijeri. Otvoreno za sve.\",\"breadcrumb\":{\"@id\":\"https:\\\/\\\/konstelacije.hr\\\/product\\\/otac\\\/#breadcrumb\"},\"inLanguage\":\"en-US\",\"potentialAction\":[{\"@type\":\"ReadAction\",\"target\":[\"https:\\\/\\\/konstelacije.hr\\\/product\\\/otac\\\/\"]}]},{\"@type\":\"ImageObject\",\"inLanguage\":\"en-US\",\"@id\":\"https:\\\/\\\/konstelacije.hr\\\/product\\\/otac\\\/#primaryimage\",\"url\":\"https:\\\/\\\/i0.wp.com\\\/konstelacije.hr\\\/wp-content\\\/uploads\\\/2026\\\/01\\\/otac-konstelacije-hr-1.png?fit=1080%2C1080&ssl=1\",\"contentUrl\":\"https:\\\/\\\/i0.wp.com\\\/konstelacije.hr\\\/wp-content\\\/uploads\\\/2026\\\/01\\\/otac-konstelacije-hr-1.png?fit=1080%2C1080&ssl=1\",\"width\":1080,\"height\":1080},{\"@type\":\"BreadcrumbList\",\"@id\":\"https:\\\/\\\/konstelacije.hr\\\/product\\\/otac\\\/#breadcrumb\",\"itemListElement\":[{\"@type\":\"ListItem\",\"position\":1,\"name\":\"Po\u010detna stranica\",\"item\":\"https:\\\/\\\/konstelacije.hr\\\/\"},{\"@type\":\"ListItem\",\"position\":2,\"name\":\"Sve usluge\",\"item\":\"https:\\\/\\\/konstelacije.hr\\\/shop\\\/\"},{\"@type\":\"ListItem\",\"position\":3,\"name\":\"Roots vikend seminar: Profesija, novac i poslovni sistemi \u2013 Pitanja i odgovori (Otac)\"}]},{\"@type\":\"WebSite\",\"@id\":\"https:\\\/\\\/konstelacije.hr\\\/#website\",\"url\":\"https:\\\/\\\/konstelacije.hr\\\/\",\"name\":\"konstelacije.hr\",\"description\":\"Znanost sistemskih konstelacija prema Bertu Hellingeru.\",\"publisher\":{\"@id\":\"https:\\\/\\\/konstelacije.hr\\\/#organization\"},\"alternateName\":\"www.konstelacije.hr\",\"potentialAction\":[{\"@type\":\"SearchAction\",\"target\":{\"@type\":\"EntryPoint\",\"urlTemplate\":\"https:\\\/\\\/konstelacije.hr\\\/?s={search_term_string}\"},\"query-input\":{\"@type\":\"PropertyValueSpecification\",\"valueRequired\":true,\"valueName\":\"search_term_string\"}}],\"inLanguage\":\"en-US\"},{\"@type\":\"Organization\",\"@id\":\"https:\\\/\\\/konstelacije.hr\\\/#organization\",\"name\":\"Znanost sistemskog rada, vl. Ivana Ore\u0161ki\",\"alternateName\":\"Znanost sistemskog rada\",\"url\":\"https:\\\/\\\/konstelacije.hr\\\/\",\"logo\":{\"@type\":\"ImageObject\",\"inLanguage\":\"en-US\",\"@id\":\"https:\\\/\\\/konstelacije.hr\\\/#\\\/schema\\\/logo\\\/image\\\/\",\"url\":\"https:\\\/\\\/konstelacije.hr\\\/wp-content\\\/uploads\\\/2024\\\/01\\\/konstelacije.hr-1.png\",\"contentUrl\":\"https:\\\/\\\/konstelacije.hr\\\/wp-content\\\/uploads\\\/2024\\\/01\\\/konstelacije.hr-1.png\",\"width\":120,\"height\":40,\"caption\":\"Znanost sistemskog rada, vl. Ivana Ore\u0161ki\"},\"image\":{\"@id\":\"https:\\\/\\\/konstelacije.hr\\\/#\\\/schema\\\/logo\\\/image\\\/\"},\"sameAs\":[\"https:\\\/\\\/www.facebook.com\\\/ivanaoreskikonstelator\"]}]}<\/script>\n<!-- \/ Yoast SEO Premium plugin. -->","yoast_head_json":{"title":"Roots vikend seminar: Profesija, novac i poslovni sistemi \u2013 Pitanja i odgovori (Otac) - konstelacije.hr","description":"Online modul o ulozi oca, poslovanju i odgovornosti. Sistemski rad na poslovnim pitanjima, novcu, profesiji i karijeri. Otvoreno za sve.","robots":{"index":"index","follow":"follow","max-snippet":"max-snippet:-1","max-image-preview":"max-image-preview:large","max-video-preview":"max-video-preview:-1"},"canonical":"https:\/\/konstelacije.hr\/en\/product\/otac\/","og_locale":"en_US","og_type":"article","og_title":"Roots vikend seminar: Profesija, novac i poslovni sistemi \u2013 Pitanja i odgovori (Otac)","og_description":"Online modul o ulozi oca, poslovanju i odgovornosti. Sistemski rad na poslovnim pitanjima, novcu, profesiji i karijeri. Otvoreno za sve.","og_url":"https:\/\/konstelacije.hr\/en\/product\/otac\/","og_site_name":"konstelacije.hr","article_publisher":"https:\/\/www.facebook.com\/ivanaoreskikonstelator","article_modified_time":"2026-03-11T18:29:33+00:00","og_image":[{"width":1080,"height":1080,"url":"https:\/\/konstelacije.hr\/wp-content\/uploads\/2026\/01\/otac-konstelacije-hr-1.png","type":"image\/png"}],"twitter_card":"summary_large_image","twitter_misc":{"Est. reading time":"2 minutes"},"schema":{"@context":"https:\/\/schema.org","@graph":[{"@type":"WebPage","@id":"https:\/\/konstelacije.hr\/product\/otac\/","url":"https:\/\/konstelacije.hr\/product\/otac\/","name":"Roots vikend seminar: Profesija, novac i poslovni sistemi \u2013 Pitanja i odgovori (Otac) - konstelacije.hr","isPartOf":{"@id":"https:\/\/konstelacije.hr\/#website"},"primaryImageOfPage":{"@id":"https:\/\/konstelacije.hr\/product\/otac\/#primaryimage"},"image":{"@id":"https:\/\/konstelacije.hr\/product\/otac\/#primaryimage"},"thumbnailUrl":"https:\/\/i0.wp.com\/konstelacije.hr\/wp-content\/uploads\/2026\/01\/otac-konstelacije-hr-1.png?fit=1080%2C1080&ssl=1","datePublished":"2026-01-20T12:16:31+00:00","dateModified":"2026-03-11T18:29:33+00:00","description":"Online modul o ulozi oca, poslovanju i odgovornosti. Sistemski rad na poslovnim pitanjima, novcu, profesiji i karijeri. Otvoreno za sve.","breadcrumb":{"@id":"https:\/\/konstelacije.hr\/product\/otac\/#breadcrumb"},"inLanguage":"en-US","potentialAction":[{"@type":"ReadAction","target":["https:\/\/konstelacije.hr\/product\/otac\/"]}]},{"@type":"ImageObject","inLanguage":"en-US","@id":"https:\/\/konstelacije.hr\/product\/otac\/#primaryimage","url":"https:\/\/i0.wp.com\/konstelacije.hr\/wp-content\/uploads\/2026\/01\/otac-konstelacije-hr-1.png?fit=1080%2C1080&ssl=1","contentUrl":"https:\/\/i0.wp.com\/konstelacije.hr\/wp-content\/uploads\/2026\/01\/otac-konstelacije-hr-1.png?fit=1080%2C1080&ssl=1","width":1080,"height":1080},{"@type":"BreadcrumbList","@id":"https:\/\/konstelacije.hr\/product\/otac\/#breadcrumb","itemListElement":[{"@type":"ListItem","position":1,"name":"Po\u010detna stranica","item":"https:\/\/konstelacije.hr\/"},{"@type":"ListItem","position":2,"name":"Sve usluge","item":"https:\/\/konstelacije.hr\/shop\/"},{"@type":"ListItem","position":3,"name":"Roots vikend seminar: Profesija, novac i poslovni sistemi \u2013 Pitanja i odgovori (Otac)"}]},{"@type":"WebSite","@id":"https:\/\/konstelacije.hr\/#website","url":"https:\/\/konstelacije.hr\/","name":"konstelacije.hr","description":"Znanost sistemskih konstelacija prema Bertu Hellingeru.","publisher":{"@id":"https:\/\/konstelacije.hr\/#organization"},"alternateName":"www.konstelacije.hr","potentialAction":[{"@type":"SearchAction","target":{"@type":"EntryPoint","urlTemplate":"https:\/\/konstelacije.hr\/?s={search_term_string}"},"query-input":{"@type":"PropertyValueSpecification","valueRequired":true,"valueName":"search_term_string"}}],"inLanguage":"en-US"},{"@type":"Organization","@id":"https:\/\/konstelacije.hr\/#organization","name":"Stellar.icu","alternateName":"Znanost sistemskog rada","url":"https:\/\/konstelacije.hr\/","logo":{"@type":"ImageObject","inLanguage":"en-US","@id":"https:\/\/konstelacije.hr\/#\/schema\/logo\/image\/","url":"https:\/\/konstelacije.hr\/wp-content\/uploads\/2024\/01\/konstelacije.hr-1.png","contentUrl":"https:\/\/konstelacije.hr\/wp-content\/uploads\/2024\/01\/konstelacije.hr-1.png","width":120,"height":40,"caption":"Znanost sistemskog rada, vl. Ivana Ore\u0161ki"},"image":{"@id":"https:\/\/konstelacije.hr\/#\/schema\/logo\/image\/"},"sameAs":["https:\/\/www.facebook.com\/ivanaoreskikonstelator"]}]}},"jetpack_publicize_connections":[],"jetpack_sharing_enabled":true,"jetpack_likes_enabled":true,"_links":{"self":[{"href":"https:\/\/konstelacije.hr\/en\/wp-json\/wp\/v2\/product\/106055","targetHints":{"allow":["GET"]}}],"collection":[{"href":"https:\/\/konstelacije.hr\/en\/wp-json\/wp\/v2\/product"}],"about":[{"href":"https:\/\/konstelacije.hr\/en\/wp-json\/wp\/v2\/types\/product"}],"replies":[{"embeddable":true,"href":"https:\/\/konstelacije.hr\/en\/wp-json\/wp\/v2\/comments?post=106055"}],"wp:featuredmedia":[{"embeddable":true,"href":"https:\/\/konstelacije.hr\/en\/wp-json\/wp\/v2\/media\/106056"}],"wp:attachment":[{"href":"https:\/\/konstelacije.hr\/en\/wp-json\/wp\/v2\/media?parent=106055"}],"wp:term":[{"taxonomy":"product_cat","embeddable":true,"href":"https:\/\/konstelacije.hr\/en\/wp-json\/wp\/v2\/product_cat?post=106055"},{"taxonomy":"product_tag","embeddable":true,"href":"https:\/\/konstelacije.hr\/en\/wp-json\/wp\/v2\/product_tag?post=106055"}],"curies":[{"name":"wp","href":"https:\/\/api.w.org\/{rel}","templated":true}]}}